{"id":9491,"date":"2021-10-07T13:18:52","date_gmt":"2021-10-07T17:18:52","guid":{"rendered":"https:\/\/www.ossoff.senate.gov\/?page_id=9491"},"modified":"2025-03-27T17:46:22","modified_gmt":"2025-03-27T21:46:22","slug":"immigration-passports-visas","status":"publish","type":"page","link":"https:\/\/www.ossoff.senate.gov\/es\/services\/immigration-passports-visas\/","title":{"rendered":"Inmigraci\u00f3n, pasaportes y visas"},"content":{"rendered":"<div data-elementor-type=\"wp-page\" data-elementor-id=\"9491\" class=\"elementor elementor-9491\" data-elementor-post-type=\"page\">\n\t\t\t\t\t\t<section class=\"elementor-section elementor-top-section elementor-element elementor-element-732056bd elementor-section-height-min-height elementor-section-items-bottom elementor-section-boxed elementor-section-height-default\" data-id=\"732056bd\" data-element_type=\"section\" data-settings=\"{&quot;background_background&quot;:&quot;classic&quot;}\">\n\t\t\t\t\t\t\t<div class=\"elementor-background-overlay\"><\/div>\n\t\t\t\t\t\t\t<div class=\"elementor-container elementor-column-gap-default\">\n\t\t\t\t\t<div class=\"elementor-column elementor-col-100 elementor-top-column elementor-element elementor-element-39589ca9\" data-id=\"39589ca9\" data-element_type=\"column\">\n\t\t\t<div class=\"elementor-widget-wrap elementor-element-populated\">\n\t\t\t\t\t\t\t<\/div>\n\t\t<\/div>\n\t\t\t\t\t<\/div>\n\t\t<\/section>\n\t\t\t\t<section class=\"elementor-section elementor-top-section elementor-element elementor-element-7456de97 elementor-section-content-top elementor-section-boxed elementor-section-height-default elementor-section-height-default\" data-id=\"7456de97\" data-element_type=\"section\" data-settings=\"{&quot;background_background&quot;:&quot;classic&quot;}\">\n\t\t\t\t\t\t<div class=\"elementor-container elementor-column-gap-default\">\n\t\t\t\t\t<div class=\"elementor-column elementor-col-50 elementor-top-column elementor-element elementor-element-57126b4e\" data-id=\"57126b4e\" data-element_type=\"column\">\n\t\t\t<div class=\"elementor-widget-wrap elementor-element-populated\">\n\t\t\t\t\t\t<div class=\"elementor-element elementor-element-5e1a7127 elementor-widget__width-initial elementor-widget elementor-widget-spacer\" data-id=\"5e1a7127\" data-element_type=\"widget\" data-widget_type=\"spacer.default\">\n\t\t\t\t<div class=\"elementor-widget-container\">\n\t\t\t\t\t\t\t<div class=\"elementor-spacer\">\n\t\t\t<div class=\"elementor-spacer-inner\"><\/div>\n\t\t<\/div>\n\t\t\t\t\t\t<\/div>\n\t\t\t\t<\/div>\n\t\t\t\t<div class=\"elementor-element elementor-element-3d01cad6 elementor-widget elementor-widget-heading\" data-id=\"3d01cad6\" data-element_type=\"widget\" data-widget_type=\"heading.default\">\n\t\t\t\t<div class=\"elementor-widget-container\">\n\t\t\t\t\t<h2 class=\"elementor-heading-title elementor-size-default\">\u00bfC\u00f3mo le podemos ayudar?<\/h2>\t\t\t\t<\/div>\n\t\t\t\t<\/div>\n\t\t\t\t<div class=\"elementor-element elementor-element-5448573 elementor-widget elementor-widget-text-editor\" data-id=\"5448573\" data-element_type=\"widget\" data-widget_type=\"text-editor.default\">\n\t\t\t\t<div class=\"elementor-widget-container\">\n\t\t\t\t\t\t\t\t\t<p>Si usted enfrenta dificultades para obtener una visa o pasaporte, o tiene preguntas sobre un problema en el proceso migratorio de EE.UU., le podemos ayudar al contactar el Departamento de Estado.<\/p>\t\t\t\t\t\t\t\t<\/div>\n\t\t\t\t<\/div>\n\t\t\t\t<div class=\"elementor-element elementor-element-faa48bd elementor-widget elementor-widget-button\" data-id=\"faa48bd\" data-element_type=\"widget\" data-widget_type=\"button.default\">\n\t\t\t\t<div class=\"elementor-widget-container\">\n\t\t\t\t\t\t\t\t\t<div class=\"elementor-button-wrapper\">\n\t\t\t\t\t<a class=\"elementor-button elementor-button-link elementor-size-sm\" href=\"\/es\/contact-us\/casework-form\/\" id=\"contact\">\n\t\t\t\t\t\t<span class=\"elementor-button-content-wrapper\">\n\t\t\t\t\t\t<span class=\"elementor-button-icon\">\n\t\t\t\t<i aria-hidden=\"true\" class=\"fas fa-long-arrow-alt-right\"><\/i>\t\t\t<\/span>\n\t\t\t\t\t\t\t\t\t<span class=\"elementor-button-text\">Comun\u00edquese<\/span>\n\t\t\t\t\t<\/span>\n\t\t\t\t\t<\/a>\n\t\t\t\t<\/div>\n\t\t\t\t\t\t\t\t<\/div>\n\t\t\t\t<\/div>\n\t\t\t\t<div class=\"elementor-element elementor-element-33fe77fd elementor-widget elementor-widget-spacer\" data-id=\"33fe77fd\" data-element_type=\"widget\" data-widget_type=\"spacer.default\">\n\t\t\t\t<div class=\"elementor-widget-container\">\n\t\t\t\t\t\t\t<div class=\"elementor-spacer\">\n\t\t\t<div class=\"elementor-spacer-inner\"><\/div>\n\t\t<\/div>\n\t\t\t\t\t\t<\/div>\n\t\t\t\t<\/div>\n\t\t\t\t\t<\/div>\n\t\t<\/div>\n\t\t\t\t<div class=\"elementor-column elementor-col-50 elementor-top-column elementor-element elementor-element-5f8c1774\" data-id=\"5f8c1774\" data-element_type=\"column\">\n\t\t\t<div class=\"elementor-widget-wrap elementor-element-populated\">\n\t\t\t\t\t\t<div data-pafe-close-first-accordion=\"\" class=\"elementor-element elementor-element-0344ef2 elementor-widget elementor-widget-accordion\" data-id=\"0344ef2\" data-element_type=\"widget\" data-widget_type=\"accordion.default\">\n\t\t\t\t<div class=\"elementor-widget-container\">\n\t\t\t\t\t\t\t<div class=\"elementor-accordion\">\n\t\t\t\t\t\t\t<div class=\"elementor-accordion-item\">\n\t\t\t\t\t<div id=\"elementor-tab-title-3421\" class=\"elementor-tab-title\" data-tab=\"1\" role=\"button\" aria-controls=\"elementor-tab-content-3421\" aria-expanded=\"false\">\n\t\t\t\t\t\t\t\t\t\t\t\t\t<span class=\"elementor-accordion-icon elementor-accordion-icon-right\" aria-hidden=\"true\">\n\t\t\t\t\t\t\t\t\t\t\t\t\t\t\t<span class=\"elementor-accordion-icon-closed\"><svg xmlns=\"http:\/\/www.w3.org\/2000\/svg\" xmlns:xlink=\"http:\/\/www.w3.org\/1999\/xlink\" x=\"0px\" y=\"0px\" viewbox=\"0 0 30 25\" style=\"enable-background:new 0 0 30 25;\" xml:space=\"preserve\"><style type=\"text\/css\">\t.st0{fill:#F7AC75;}<\/style><g>\t<g transform=\"translate(-1817.000000, -12098.000000)\">\t<\/g><\/g><polygon class=\"st0\" points=\"29.5,12 16,12 16,0 15,0 15,12 0.5,12 0.5,13 15,13 15,25 16,25 16,13 29.5,13 \"><\/polygon><\/svg><\/span>\n\t\t\t\t\t\t\t\t<span class=\"elementor-accordion-icon-opened\"><svg xmlns=\"http:\/\/www.w3.org\/2000\/svg\" xmlns:xlink=\"http:\/\/www.w3.org\/1999\/xlink\" x=\"0px\" y=\"0px\" viewbox=\"0 0 29 1\" style=\"enable-background:new 0 0 29 1;\" xml:space=\"preserve\"><style type=\"text\/css\">\t.st0{fill:#F7AC75;}<\/style><rect class=\"st0\" width=\"29\" height=\"1\"><\/rect><\/svg><\/span>\n\t\t\t\t\t\t\t\t\t\t\t\t\t\t<\/span>\n\t\t\t\t\t\t\t\t\t\t\t\t<a class=\"elementor-accordion-title\" tabindex=\"0\">Casos de pasaporte<\/a>\n\t\t\t\t\t<\/div>\n\t\t\t\t\t<div id=\"elementor-tab-content-3421\" class=\"elementor-tab-content elementor-clearfix\" data-tab=\"1\" role=\"region\" aria-labelledby=\"elementor-tab-title-3421\"><div><p>Llene el <a href=\"\/wp-content\/uploads\/2023\/07\/State-Dept-Privacy-Release-Form.pdf\">formulario de consentimiento para el uso de informaci\u00f3n personal para el Departamento de Estado<\/a>.<\/p><p>Si se est\u00e1 comunicando con mi oficina por un asunto relacionado a pasaportes, es muy importante que lea detenidamente la informaci\u00f3n a continuaci\u00f3n. Cuando llene su formulario de consentimiento, por favor incluya:<\/p><ul type=\"disc\"><li>Nombre completo<\/li><li>Fecha de nacimiento<\/li><li>N\u00famero telef\u00f3nico<\/li><li>Correo electr\u00f3nico<\/li><li>N\u00famero de solicitud, si es que tiene alguno<\/li><li>Fecha de viaje pendiente (si aplica, favor de incluir im\u00e1genes\/archivos adjuntos con su itinerario cuando solicite asistencia)<\/li><\/ul><p>Si usted es padre o tutor legal de un menor y necesita ayuda con una solicitud de pasaporte para \u00e9ste, por favor llene el formulario con el nombre del menor, la fecha de nacimiento del menor y dem\u00e1s informaci\u00f3n relevante, pero firme con su nombre.<\/p><\/div><\/div>\n\t\t\t\t<\/div>\n\t\t\t\t\t\t\t<div class=\"elementor-accordion-item\">\n\t\t\t\t\t<div id=\"elementor-tab-title-3422\" class=\"elementor-tab-title\" data-tab=\"2\" role=\"button\" aria-controls=\"elementor-tab-content-3422\" aria-expanded=\"false\">\n\t\t\t\t\t\t\t\t\t\t\t\t\t<span class=\"elementor-accordion-icon elementor-accordion-icon-right\" aria-hidden=\"true\">\n\t\t\t\t\t\t\t\t\t\t\t\t\t\t\t<span class=\"elementor-accordion-icon-closed\"><svg xmlns=\"http:\/\/www.w3.org\/2000\/svg\" xmlns:xlink=\"http:\/\/www.w3.org\/1999\/xlink\" x=\"0px\" y=\"0px\" viewbox=\"0 0 30 25\" style=\"enable-background:new 0 0 30 25;\" xml:space=\"preserve\"><style type=\"text\/css\">\t.st0{fill:#F7AC75;}<\/style><g>\t<g transform=\"translate(-1817.000000, -12098.000000)\">\t<\/g><\/g><polygon class=\"st0\" points=\"29.5,12 16,12 16,0 15,0 15,12 0.5,12 0.5,13 15,13 15,25 16,25 16,13 29.5,13 \"><\/polygon><\/svg><\/span>\n\t\t\t\t\t\t\t\t<span class=\"elementor-accordion-icon-opened\"><svg xmlns=\"http:\/\/www.w3.org\/2000\/svg\" xmlns:xlink=\"http:\/\/www.w3.org\/1999\/xlink\" x=\"0px\" y=\"0px\" viewbox=\"0 0 29 1\" style=\"enable-background:new 0 0 29 1;\" xml:space=\"preserve\"><style type=\"text\/css\">\t.st0{fill:#F7AC75;}<\/style><rect class=\"st0\" width=\"29\" height=\"1\"><\/rect><\/svg><\/span>\n\t\t\t\t\t\t\t\t\t\t\t\t\t\t<\/span>\n\t\t\t\t\t\t\t\t\t\t\t\t<a class=\"elementor-accordion-title\" tabindex=\"0\">Casos del Servicio de Ciudadan\u00eda e Inmigraci\u00f3n de EE.UU. (USCIS)<\/a>\n\t\t\t\t\t<\/div>\n\t\t\t\t\t<div id=\"elementor-tab-content-3422\" class=\"elementor-tab-content elementor-clearfix\" data-tab=\"2\" role=\"region\" aria-labelledby=\"elementor-tab-title-3422\"><div>Llene el <a href=\"\/wp-content\/uploads\/2021\/10\/USCIS-Privacy-Release-Form.pdf\">formulario de consentimiento para el uso de informaci\u00f3n personal para USCIS<\/a>.<\/div><div>\u00a0<\/div><div>Favor de firmar a mano.<\/div><\/div>\n\t\t\t\t<\/div>\n\t\t\t\t\t\t\t<div class=\"elementor-accordion-item\">\n\t\t\t\t\t<div id=\"elementor-tab-title-3423\" class=\"elementor-tab-title\" data-tab=\"3\" role=\"button\" aria-controls=\"elementor-tab-content-3423\" aria-expanded=\"false\">\n\t\t\t\t\t\t\t\t\t\t\t\t\t<span class=\"elementor-accordion-icon elementor-accordion-icon-right\" aria-hidden=\"true\">\n\t\t\t\t\t\t\t\t\t\t\t\t\t\t\t<span class=\"elementor-accordion-icon-closed\"><svg xmlns=\"http:\/\/www.w3.org\/2000\/svg\" xmlns:xlink=\"http:\/\/www.w3.org\/1999\/xlink\" x=\"0px\" y=\"0px\" viewbox=\"0 0 30 25\" style=\"enable-background:new 0 0 30 25;\" xml:space=\"preserve\"><style type=\"text\/css\">\t.st0{fill:#F7AC75;}<\/style><g>\t<g transform=\"translate(-1817.000000, -12098.000000)\">\t<\/g><\/g><polygon class=\"st0\" points=\"29.5,12 16,12 16,0 15,0 15,12 0.5,12 0.5,13 15,13 15,25 16,25 16,13 29.5,13 \"><\/polygon><\/svg><\/span>\n\t\t\t\t\t\t\t\t<span class=\"elementor-accordion-icon-opened\"><svg xmlns=\"http:\/\/www.w3.org\/2000\/svg\" xmlns:xlink=\"http:\/\/www.w3.org\/1999\/xlink\" x=\"0px\" y=\"0px\" viewbox=\"0 0 29 1\" style=\"enable-background:new 0 0 29 1;\" xml:space=\"preserve\"><style type=\"text\/css\">\t.st0{fill:#F7AC75;}<\/style><rect class=\"st0\" width=\"29\" height=\"1\"><\/rect><\/svg><\/span>\n\t\t\t\t\t\t\t\t\t\t\t\t\t\t<\/span>\n\t\t\t\t\t\t\t\t\t\t\t\t<a class=\"elementor-accordion-title\" tabindex=\"0\">Casos del Departamento de Estado<\/a>\n\t\t\t\t\t<\/div>\n\t\t\t\t\t<div id=\"elementor-tab-content-3423\" class=\"elementor-tab-content elementor-clearfix\" data-tab=\"3\" role=\"region\" aria-labelledby=\"elementor-tab-title-3423\"><div>Llene el <a href=\"\/wp-content\/uploads\/2021\/10\/State-Dept-Privacy-Release-Form.pdf\">formulario de consentimiento para el uso de informaci\u00f3n personal para el Departamento de Estado<\/a>.<\/div><div>\u00a0<\/div><div>Por favor aseg\u00farese de incluir el n\u00famero de caso, nombre completo y n\u00famero de pasaporte de la persona sobre la que est\u00e9 preguntando.<\/div><\/div>\n\t\t\t\t<\/div>\n\t\t\t\t\t\t\t\t<\/div>\n\t\t\t\t\t\t<\/div>\n\t\t\t\t<\/div>\n\t\t\t\t<div class=\"elementor-element elementor-element-24d08ba elementor-widget elementor-widget-spacer\" data-id=\"24d08ba\" data-element_type=\"widget\" data-widget_type=\"spacer.default\">\n\t\t\t\t<div class=\"elementor-widget-container\">\n\t\t\t\t\t\t\t<div class=\"elementor-spacer\">\n\t\t\t<div class=\"elementor-spacer-inner\"><\/div>\n\t\t<\/div>\n\t\t\t\t\t\t<\/div>\n\t\t\t\t<\/div>\n\t\t\t\t<section class=\"elementor-section elementor-inner-section elementor-element elementor-element-e7fec87 elementor-section-full_width elementor-section-height-default elementor-section-height-default\" data-id=\"e7fec87\" data-element_type=\"section\">\n\t\t\t\t\t\t<div class=\"elementor-container elementor-column-gap-default\">\n\t\t\t\t\t<div class=\"elementor-column elementor-col-50 elementor-inner-column elementor-element elementor-element-f382bc6\" data-id=\"f382bc6\" data-element_type=\"column\">\n\t\t\t<div class=\"elementor-widget-wrap elementor-element-populated\">\n\t\t\t\t\t\t<div class=\"elementor-element elementor-element-3639a85 elementor-align-justify elementor-widget elementor-widget-button\" data-id=\"3639a85\" data-element_type=\"widget\" data-widget_type=\"button.default\">\n\t\t\t\t<div class=\"elementor-widget-container\">\n\t\t\t\t\t\t\t\t\t<div class=\"elementor-button-wrapper\">\n\t\t\t\t\t<a class=\"elementor-button elementor-button-link elementor-size-sm\" href=\"\/wp-content\/uploads\/2023\/07\/State-Dept-Privacy-Release-Form.pdf\">\n\t\t\t\t\t\t<span class=\"elementor-button-content-wrapper\">\n\t\t\t\t\t\t\t\t\t<span class=\"elementor-button-text\">FORMULARIO DE CONSENTIMIENTO PARA EL DEPARTAMENTO DE ESTADO<\/span>\n\t\t\t\t\t<\/span>\n\t\t\t\t\t<\/a>\n\t\t\t\t<\/div>\n\t\t\t\t\t\t\t\t<\/div>\n\t\t\t\t<\/div>\n\t\t\t\t<div class=\"elementor-element elementor-element-50b6583 elementor-widget elementor-widget-text-editor\" data-id=\"50b6583\" data-element_type=\"widget\" data-widget_type=\"text-editor.default\">\n\t\t\t\t<div class=\"elementor-widget-container\">\n\t\t\t\t\t\t\t\t\t<p><em>Para casos de pasaporte y del Departamento de Estado<\/em><\/p>\t\t\t\t\t\t\t\t<\/div>\n\t\t\t\t<\/div>\n\t\t\t\t\t<\/div>\n\t\t<\/div>\n\t\t\t\t<div class=\"elementor-column elementor-col-50 elementor-inner-column elementor-element elementor-element-4f5bc1b\" data-id=\"4f5bc1b\" data-element_type=\"column\">\n\t\t\t<div class=\"elementor-widget-wrap elementor-element-populated\">\n\t\t\t\t\t\t<div class=\"elementor-element elementor-element-139e282 elementor-align-justify elementor-widget elementor-widget-button\" data-id=\"139e282\" data-element_type=\"widget\" data-widget_type=\"button.default\">\n\t\t\t\t<div class=\"elementor-widget-container\">\n\t\t\t\t\t\t\t\t\t<div class=\"elementor-button-wrapper\">\n\t\t\t\t\t<a class=\"elementor-button elementor-button-link elementor-size-sm\" href=\"\/wp-content\/uploads\/2021\/10\/USCIS-Privacy-Release-Form.pdf\">\n\t\t\t\t\t\t<span class=\"elementor-button-content-wrapper\">\n\t\t\t\t\t\t\t\t\t<span class=\"elementor-button-text\">formulario de consentimiento para el uso de informaci\u00f3n personal para USCIS<\/span>\n\t\t\t\t\t<\/span>\n\t\t\t\t\t<\/a>\n\t\t\t\t<\/div>\n\t\t\t\t\t\t\t\t<\/div>\n\t\t\t\t<\/div>\n\t\t\t\t<div class=\"elementor-element elementor-element-e16e21b elementor-widget elementor-widget-text-editor\" data-id=\"e16e21b\" data-element_type=\"widget\" data-widget_type=\"text-editor.default\">\n\t\t\t\t<div class=\"elementor-widget-container\">\n\t\t\t\t\t\t\t\t\t<p><em>Para casos del Servicio de Ciudadan\u00eda e Inmigraci\u00f3n de EE.UU.<\/em><\/p>\t\t\t\t\t\t\t\t<\/div>\n\t\t\t\t<\/div>\n\t\t\t\t\t<\/div>\n\t\t<\/div>\n\t\t\t\t\t<\/div>\n\t\t<\/section>\n\t\t\t\t<div class=\"elementor-element elementor-element-b78d7e1 elementor-widget elementor-widget-spacer\" data-id=\"b78d7e1\" data-element_type=\"widget\" data-widget_type=\"spacer.default\">\n\t\t\t\t<div class=\"elementor-widget-container\">\n\t\t\t\t\t\t\t<div class=\"elementor-spacer\">\n\t\t\t<div class=\"elementor-spacer-inner\"><\/div>\n\t\t<\/div>\n\t\t\t\t\t\t<\/div>\n\t\t\t\t<\/div>\n\t\t\t\t<div class=\"elementor-element elementor-element-674f59c0 elementor-widget elementor-widget-heading\" data-id=\"674f59c0\" data-element_type=\"widget\" data-widget_type=\"heading.default\">\n\t\t\t\t<div class=\"elementor-widget-container\">\n\t\t\t\t\t<h2 class=\"elementor-heading-title elementor-size-default\">D\u00f3nde enviar su formulario:<\/h2>\t\t\t\t<\/div>\n\t\t\t\t<\/div>\n\t\t\t\t<div class=\"elementor-element elementor-element-7501871c elementor-widget elementor-widget-text-editor\" data-id=\"7501871c\" data-element_type=\"widget\" data-widget_type=\"text-editor.default\">\n\t\t\t\t<div class=\"elementor-widget-container\">\n\t\t\t\t\t\t\t\t\t<p>Ya que haya completado el formulario indicado, por favor env\u00edelo a nuestra oficina:<\/p><div data-tid=\"messageBodyContainer\"><div data-tid=\"messageBodyContent\"><div><div><div><ul><li>Por correo electr\u00f3nico a <a href=\"mailto:CaseworkTeam@ossoff.senate.gov\">CaseworkTeam@ossoff.senate.gov<\/a>;\u00a0<\/li><li>Por correo a:<br \/>3280 Peachtree Road NE, Suite 2640<br \/>Atlanta, Georgia 30305;<br \/>o\u00a0<\/li><li>Por fax al (404) 949-0912.<\/li><\/ul><\/div><\/div><\/div><\/div><\/div>\t\t\t\t\t\t\t\t<\/div>\n\t\t\t\t<\/div>\n\t\t\t\t\t<\/div>\n\t\t<\/div>\n\t\t\t\t\t<\/div>\n\t\t<\/section>\n\t\t\t\t<\/div>","protected":false},"excerpt":{"rendered":"<p>How Can We Help? If you are having difficulty obtaining a visa or passport, or have questions regarding a problem with the U.S. immigration process, we can help you by contacting the U.S. State Department. Contact Us Passport Cases Fill out the State Department Privacy Release Form. If you are contacting my office for a [&hellip;]<\/p>","protected":false},"author":53,"featured_media":7855,"parent":131,"menu_order":0,"comment_status":"closed","ping_status":"closed","template":"","meta":{"_acf_changed":false,"footnotes":""},"class_list":["post-9491","page","type-page","status-publish","has-post-thumbnail","hentry"],"acf":[],"_links":{"self":[{"href":"https:\/\/www.ossoff.senate.gov\/es\/wp-json\/wp\/v2\/pages\/9491","targetHints":{"allow":["GET"]}}],"collection":[{"href":"https:\/\/www.ossoff.senate.gov\/es\/wp-json\/wp\/v2\/pages"}],"about":[{"href":"https:\/\/www.ossoff.senate.gov\/es\/wp-json\/wp\/v2\/types\/page"}],"author":[{"embeddable":true,"href":"https:\/\/www.ossoff.senate.gov\/es\/wp-json\/wp\/v2\/users\/53"}],"replies":[{"embeddable":true,"href":"https:\/\/www.ossoff.senate.gov\/es\/wp-json\/wp\/v2\/comments?post=9491"}],"version-history":[{"count":52,"href":"https:\/\/www.ossoff.senate.gov\/es\/wp-json\/wp\/v2\/pages\/9491\/revisions"}],"predecessor-version":[{"id":27178,"href":"https:\/\/www.ossoff.senate.gov\/es\/wp-json\/wp\/v2\/pages\/9491\/revisions\/27178"}],"up":[{"embeddable":true,"href":"https:\/\/www.ossoff.senate.gov\/es\/wp-json\/wp\/v2\/pages\/131"}],"wp:featuredmedia":[{"embeddable":true,"href":"https:\/\/www.ossoff.senate.gov\/es\/wp-json\/wp\/v2\/media\/7855"}],"wp:attachment":[{"href":"https:\/\/www.ossoff.senate.gov\/es\/wp-json\/wp\/v2\/media?parent=9491"}],"curies":[{"name":"wp","href":"https:\/\/api.w.org\/{rel}","templated":true}]}}