{"id":3,"date":"2021-06-21T17:05:14","date_gmt":"2021-06-21T17:05:14","guid":{"rendered":"http:\/\/ossoff.testing.senate.gov\/\/?page_id=3"},"modified":"2021-10-05T21:29:30","modified_gmt":"2021-10-05T21:29:30","slug":"privacy-policy","status":"publish","type":"page","link":"https:\/\/www.ossoff.senate.gov\/es\/privacy-policy\/","title":{"rendered":"Pol\u00edtica de privacidad"},"content":{"rendered":"<div data-elementor-type=\"wp-page\" data-elementor-id=\"3\" class=\"elementor elementor-3\" data-elementor-post-type=\"page\">\n\t\t\t\t\t\t<section class=\"elementor-section elementor-top-section elementor-element elementor-element-e3ecc7e elementor-section-height-min-height elementor-section-items-bottom elementor-section-boxed elementor-section-height-default\" data-id=\"e3ecc7e\" data-element_type=\"section\" data-settings=\"{&quot;background_background&quot;:&quot;classic&quot;}\">\n\t\t\t\t\t\t<div class=\"elementor-container elementor-column-gap-default\">\n\t\t\t\t\t<div class=\"elementor-column elementor-col-100 elementor-top-column elementor-element elementor-element-a106645\" data-id=\"a106645\" data-element_type=\"column\">\n\t\t\t<div class=\"elementor-widget-wrap elementor-element-populated\">\n\t\t\t\t\t\t\t<\/div>\n\t\t<\/div>\n\t\t\t\t\t<\/div>\n\t\t<\/section>\n\t\t\t\t<section class=\"elementor-section elementor-top-section elementor-element elementor-element-4fb405e4 elementor-section-boxed elementor-section-height-default elementor-section-height-default\" data-id=\"4fb405e4\" data-element_type=\"section\">\n\t\t\t\t\t\t<div class=\"elementor-container elementor-column-gap-default\">\n\t\t\t\t\t<div class=\"elementor-column elementor-col-100 elementor-top-column elementor-element elementor-element-5b4b196a\" data-id=\"5b4b196a\" data-element_type=\"column\">\n\t\t\t<div class=\"elementor-widget-wrap elementor-element-populated\">\n\t\t\t\t\t\t<div class=\"elementor-element elementor-element-1b39a318 elementor-widget elementor-widget-text-editor\" data-id=\"1b39a318\" data-element_type=\"widget\" data-widget_type=\"text-editor.default\">\n\t\t\t\t<div class=\"elementor-widget-container\">\n\t\t\t\t\t\t\t\t\t\n<p>Su privacidad es importante para el senador Ossoff. La oficina del senador Ossoff no recopilar\u00e1 datos personales sobre los visitantes a este sitio a menos que usted nos los proporcione. Si nos da su direcci\u00f3n de correo electr\u00f3nico, la oficina no la compartir\u00e1 con otras personas, empresas u organizaciones. El c\u00f3digo postal que introduzca se utilizar\u00e1 para ayudar a proporcionarle informaci\u00f3n personalizada y particular de su zona.<strong><br \/><br \/><\/strong>Para mejorar el servicio a los residentes de Georgia y conforme a las reglas del Senado de Estados Unidos, informaci\u00f3n estad\u00edstica sobre su visita es almacenada autom\u00e1ticamente. Sin embargo, esta informaci\u00f3n no lo identificar\u00e1 individualmente.\u00a0<a href=\"http:\/\/www.senate.gov\/pagelayout\/general\/one_item_and_teasers\/privacy.htm\">Lea m\u00e1s aqu\u00ed.<\/a><\/p>\n<p>Es sitio enlaza a muchos otros sitios fuera del Senado. Cuando visite uno de estos sitios, ya no estar\u00e1 en el sitio web del senador Ossoff. Por favor revise la pol\u00edtica de privacidad de cada sitio que visite.<\/p>\n<p>Si tiene preguntas sobre esta pol\u00edtica de privacidad u otros temas importantes para usted, por favor comun\u00edquese con el senador Ossoff aqu\u00ed.<\/p>\n\t\t\t\t\t\t\t\t<\/div>\n\t\t\t\t<\/div>\n\t\t\t\t\t<\/div>\n\t\t<\/div>\n\t\t\t\t\t<\/div>\n\t\t<\/section>\n\t\t\t\t<\/div>","protected":false},"excerpt":{"rendered":"<p>Your personal privacy is important to Senator Ossoff.\u00a0Senator Ossoff\u2019s office will not collect any personal information about site visitors unless you provide it to us. If you give us your email address, the office will not share it with any other individuals, businesses or organizations. Any ZIP code information you enter will be used to [&hellip;]<\/p>","protected":false},"author":1,"featured_media":9333,"parent":0,"menu_order":0,"comment_status":"closed","ping_status":"closed","template":"elementor_header_footer","meta":{"_acf_changed":false,"footnotes":""},"class_list":["post-3","page","type-page","status-publish","has-post-thumbnail","hentry"],"acf":[],"_links":{"self":[{"href":"https:\/\/www.ossoff.senate.gov\/es\/wp-json\/wp\/v2\/pages\/3","targetHints":{"allow":["GET"]}}],"collection":[{"href":"https:\/\/www.ossoff.senate.gov\/es\/wp-json\/wp\/v2\/pages"}],"about":[{"href":"https:\/\/www.ossoff.senate.gov\/es\/wp-json\/wp\/v2\/types\/page"}],"author":[{"embeddable":true,"href":"https:\/\/www.ossoff.senate.gov\/es\/wp-json\/wp\/v2\/users\/1"}],"replies":[{"embeddable":true,"href":"https:\/\/www.ossoff.senate.gov\/es\/wp-json\/wp\/v2\/comments?post=3"}],"version-history":[{"count":22,"href":"https:\/\/www.ossoff.senate.gov\/es\/wp-json\/wp\/v2\/pages\/3\/revisions"}],"predecessor-version":[{"id":9421,"href":"https:\/\/www.ossoff.senate.gov\/es\/wp-json\/wp\/v2\/pages\/3\/revisions\/9421"}],"wp:featuredmedia":[{"embeddable":true,"href":"https:\/\/www.ossoff.senate.gov\/es\/wp-json\/wp\/v2\/media\/9333"}],"wp:attachment":[{"href":"https:\/\/www.ossoff.senate.gov\/es\/wp-json\/wp\/v2\/media?parent=3"}],"curies":[{"name":"wp","href":"https:\/\/api.w.org\/{rel}","templated":true}]}}