{"id":27788,"date":"2025-05-20T14:19:41","date_gmt":"2025-05-20T18:19:41","guid":{"rendered":"https:\/\/www.ossoff.senate.gov\/?page_id=27788"},"modified":"2025-08-28T22:14:22","modified_gmt":"2025-08-29T02:14:22","slug":"event","status":"publish","type":"page","link":"https:\/\/www.ossoff.senate.gov\/es\/contact-us\/scheduling-requests\/event\/","title":{"rendered":"Invite al senador a un evento"},"content":{"rendered":"<div data-elementor-type=\"wp-page\" data-elementor-id=\"27788\" class=\"elementor elementor-27788\" data-elementor-post-type=\"page\">\n\t\t\t\t\t\t<section class=\"elementor-section elementor-top-section elementor-element elementor-element-a90379 elementor-section-height-min-height elementor-section-items-bottom elementor-section-boxed elementor-section-height-default\" data-id=\"a90379\" data-element_type=\"section\" data-settings=\"{&quot;background_background&quot;:&quot;classic&quot;}\">\n\t\t\t\t\t\t<div class=\"elementor-container elementor-column-gap-default\">\n\t\t\t\t\t<div class=\"elementor-column elementor-col-100 elementor-top-column elementor-element elementor-element-3bea05fd\" data-id=\"3bea05fd\" data-element_type=\"column\">\n\t\t\t<div class=\"elementor-widget-wrap\">\n\t\t\t\t\t\t\t<\/div>\n\t\t<\/div>\n\t\t\t\t\t<\/div>\n\t\t<\/section>\n\t\t\t\t<section class=\"elementor-section elementor-top-section elementor-element elementor-element-20729689 elementor-section-boxed elementor-section-height-default elementor-section-height-default\" data-id=\"20729689\" data-element_type=\"section\">\n\t\t\t\t\t\t<div class=\"elementor-container elementor-column-gap-default\">\n\t\t\t\t\t<div class=\"elementor-column elementor-col-100 elementor-top-column elementor-element elementor-element-7d9ce854\" data-id=\"7d9ce854\" data-element_type=\"column\">\n\t\t\t<div class=\"elementor-widget-wrap elementor-element-populated\">\n\t\t\t\t\t\t<div class=\"elementor-element elementor-element-e618b29 elementor-widget elementor-widget-button\" data-id=\"e618b29\" data-element_type=\"widget\" data-widget_type=\"button.default\">\n\t\t\t\t<div class=\"elementor-widget-container\">\n\t\t\t\t\t\t\t\t\t<div class=\"elementor-button-wrapper\">\n\t\t\t\t\t<a class=\"elementor-button elementor-button-link elementor-size-sm\" href=\"https:\/\/www.ossoff.senate.gov\/es\/contact-us\/scheduling-requests\/\">\n\t\t\t\t\t\t<span class=\"elementor-button-content-wrapper\">\n\t\t\t\t\t\t\t\t\t<span class=\"elementor-button-text\">Solicite una reuni\u00f3n<\/span>\n\t\t\t\t\t<\/span>\n\t\t\t\t\t<\/a>\n\t\t\t\t<\/div>\n\t\t\t\t\t\t\t\t<\/div>\n\t\t\t\t<\/div>\n\t\t\t\t<div class=\"elementor-element elementor-element-52c4b30 elementor-widget elementor-widget-heading\" data-id=\"52c4b30\" data-element_type=\"widget\" data-widget_type=\"heading.default\">\n\t\t\t\t<div class=\"elementor-widget-container\">\n\t\t\t\t\t<h2 class=\"elementor-heading-title elementor-size-default\">Invite al senador a un evento<\/h2>\t\t\t\t<\/div>\n\t\t\t\t<\/div>\n\t\t\t\t<div class=\"elementor-element elementor-element-447ef75 elementor-widget elementor-widget-text-editor\" data-id=\"447ef75\" data-element_type=\"widget\" data-widget_type=\"text-editor.default\">\n\t\t\t\t<div class=\"elementor-widget-container\">\n\t\t\t\t\t\t\t\t\t<div class=\"elementor-element elementor-element-42618bba elementor-widget elementor-widget-heading\" data-id=\"42618bba\" data-element_type=\"widget\" data-widget_type=\"heading.default\"><div class=\"elementor-widget-container\"><p class=\"elementor-heading-title elementor-size-default\">Would you like to invite Senator Ossoff for an event or speaking engagement?<\/p><p class=\"elementor-heading-title elementor-size-default\">Por favor llene el formulario a continuaci\u00f3n para contactar a nuestro equipo de programaci\u00f3n. Alguien de nuestra oficina se comunicar\u00e1 con usted lo m\u00e1s pronto posible. Por favor permita 5-7 d\u00edas h\u00e1biles para procesar su solicitud. Si su solicitud requiere atenci\u00f3n inmediata, por favor no dude en llamar nuestras oficinas en Washington o Atlanta.<br \/><br \/>If you need assistance with a Federal agency, please submit a\u00a0<a href=\"https:\/\/www.ossoff.senate.gov\/es\/casework-form\/\">Casework Form<\/a>.<\/p><\/div><\/div>\t\t\t\t\t\t\t\t<\/div>\n\t\t\t\t<\/div>\n\t\t\t\t<div class=\"elementor-element elementor-element-4947886f elementor-widget__width-initial elementor-widget elementor-widget-spacer\" data-id=\"4947886f\" data-element_type=\"widget\" data-widget_type=\"spacer.default\">\n\t\t\t\t<div class=\"elementor-widget-container\">\n\t\t\t\t\t\t\t<div class=\"elementor-spacer\">\n\t\t\t<div class=\"elementor-spacer-inner\"><\/div>\n\t\t<\/div>\n\t\t\t\t\t\t<\/div>\n\t\t\t\t<\/div>\n\t\t\t\t<div class=\"elementor-element elementor-element-b7603aa elementor-widget elementor-widget-html\" data-id=\"b7603aa\" data-element_type=\"widget\" data-widget_type=\"html.default\">\n\t\t\t\t<div class=\"elementor-widget-container\">\n\t\t\t\t\t<iframe frameborder=\"0\" src=\"https:\/\/outreach.senate.gov\/iqextranet\/EForm.aspx?__cid=SenOssoff&__fid=100051&iframe=Y\" width=\"100%\" height=\"2100\"><\/iframe>\t\t\t\t<\/div>\n\t\t\t\t<\/div>\n\t\t\t\t\t<\/div>\n\t\t<\/div>\n\t\t\t\t\t<\/div>\n\t\t<\/section>\n\t\t\t\t<section class=\"elementor-section elementor-top-section elementor-element elementor-element-208e2074 elementor-section-content-top elementor-section-boxed elementor-section-height-default elementor-section-height-default\" data-id=\"208e2074\" data-element_type=\"section\" id=\"other_requests\" data-settings=\"{&quot;background_background&quot;:&quot;classic&quot;}\">\n\t\t\t\t\t\t<div class=\"elementor-container elementor-column-gap-default\">\n\t\t\t\t\t<div class=\"elementor-column elementor-col-100 elementor-top-column elementor-element elementor-element-50b4592f\" data-id=\"50b4592f\" data-element_type=\"column\">\n\t\t\t<div class=\"elementor-widget-wrap elementor-element-populated\">\n\t\t\t\t\t\t<div class=\"elementor-element elementor-element-2360525a elementor-widget__width-initial elementor-widget elementor-widget-spacer\" data-id=\"2360525a\" data-element_type=\"widget\" data-widget_type=\"spacer.default\">\n\t\t\t\t<div class=\"elementor-widget-container\">\n\t\t\t\t\t\t\t<div class=\"elementor-spacer\">\n\t\t\t<div class=\"elementor-spacer-inner\"><\/div>\n\t\t<\/div>\n\t\t\t\t\t\t<\/div>\n\t\t\t\t<\/div>\n\t\t\t\t<div class=\"elementor-element elementor-element-2ebfcfaf elementor-widget elementor-widget-heading\" data-id=\"2ebfcfaf\" data-element_type=\"widget\" data-widget_type=\"heading.default\">\n\t\t\t\t<div class=\"elementor-widget-container\">\n\t\t\t\t\t<h2 class=\"elementor-heading-title elementor-size-default\">Otra asistencia que proporcionamos:<\/h2>\t\t\t\t<\/div>\n\t\t\t\t<\/div>\n\t\t\t\t<div class=\"elementor-element elementor-element-7bea4455 elementor-widget elementor-widget-spacer\" data-id=\"7bea4455\" data-element_type=\"widget\" data-widget_type=\"spacer.default\">\n\t\t\t\t<div class=\"elementor-widget-container\">\n\t\t\t\t\t\t\t<div class=\"elementor-spacer\">\n\t\t\t<div class=\"elementor-spacer-inner\"><\/div>\n\t\t<\/div>\n\t\t\t\t\t\t<\/div>\n\t\t\t\t<\/div>\n\t\t\t\t<div class=\"elementor-element elementor-element-5ca494e9 elementor-posts__hover-none elementor-grid-3 elementor-grid-tablet-2 elementor-grid-mobile-1 elementor-posts--thumbnail-top elementor-card-shadow-yes elementor-widget elementor-widget-global elementor-global-778 elementor-widget-posts\" data-id=\"5ca494e9\" data-element_type=\"widget\" id=\"services_collection\" data-settings=\"{&quot;cards_columns&quot;:&quot;3&quot;,&quot;cards_columns_tablet&quot;:&quot;2&quot;,&quot;cards_columns_mobile&quot;:&quot;1&quot;,&quot;cards_row_gap&quot;:{&quot;unit&quot;:&quot;px&quot;,&quot;size&quot;:35,&quot;sizes&quot;:[]},&quot;cards_row_gap_tablet&quot;:{&quot;unit&quot;:&quot;px&quot;,&quot;size&quot;:&quot;&quot;,&quot;sizes&quot;:[]},&quot;cards_row_gap_mobile&quot;:{&quot;unit&quot;:&quot;px&quot;,&quot;size&quot;:&quot;&quot;,&quot;sizes&quot;:[]}}\" data-widget_type=\"posts.cards\">\n\t\t\t\t<div class=\"elementor-widget-container\">\n\t\t\t\t\t\t\t<div class=\"elementor-posts-container elementor-posts elementor-posts--skin-cards elementor-grid\">\n\t\t\t\t<article class=\"elementor-post elementor-grid-item post-662 page type-page status-publish has-post-thumbnail hentry\">\n\t\t\t<div class=\"elementor-post__card\">\n\t\t\t\t<a class=\"elementor-post__thumbnail__link\" href=\"https:\/\/www.ossoff.senate.gov\/es\/services\/academy-nominations\/\" tabindex=\"-1\" ><div class=\"elementor-post__thumbnail\"><img fetchpriority=\"high\" decoding=\"async\" width=\"800\" height=\"533\" src=\"https:\/\/www.ossoff.senate.gov\/wp-content\/uploads\/2023\/04\/220611_DS_AcademyDay_135-1-1024x682.jpg\" class=\"attachment-large size-large wp-image-18510\" alt=\"\" srcset=\"https:\/\/www.ossoff.senate.gov\/wp-content\/uploads\/2023\/04\/220611_DS_AcademyDay_135-1-1024x682.jpg 1024w, https:\/\/www.ossoff.senate.gov\/wp-content\/uploads\/2023\/04\/220611_DS_AcademyDay_135-1-300x200.jpg 300w, https:\/\/www.ossoff.senate.gov\/wp-content\/uploads\/2023\/04\/220611_DS_AcademyDay_135-1-768x512.jpg 768w, https:\/\/www.ossoff.senate.gov\/wp-content\/uploads\/2023\/04\/220611_DS_AcademyDay_135-1-1536x1024.jpg 1536w, https:\/\/www.ossoff.senate.gov\/wp-content\/uploads\/2023\/04\/220611_DS_AcademyDay_135-1-18x12.jpg 18w, https:\/\/www.ossoff.senate.gov\/wp-content\/uploads\/2023\/04\/220611_DS_AcademyDay_135-1.jpg 2000w\" sizes=\"(max-width: 800px) 100vw, 800px\" \/><\/div><\/a>\n\t\t\t\t<div class=\"elementor-post__text\">\n\t\t\t\t<h3 class=\"elementor-post__title\">\n\t\t\t<a href=\"https:\/\/www.ossoff.senate.gov\/es\/services\/academy-nominations\/\" >\n\t\t\t\tNominaciones a las academias militares\t\t\t<\/a>\n\t\t<\/h3>\n\t\t\t\t<\/div>\n\t\t\t\t\t<\/div>\n\t\t<\/article>\n\t\t\t\t<article class=\"elementor-post elementor-grid-item post-664 page type-page status-publish has-post-thumbnail hentry\">\n\t\t\t<div class=\"elementor-post__card\">\n\t\t\t\t<a class=\"elementor-post__thumbnail__link\" href=\"https:\/\/www.ossoff.senate.gov\/es\/services\/grant-requests\/\" tabindex=\"-1\" ><div class=\"elementor-post__thumbnail\"><img decoding=\"async\" width=\"800\" height=\"800\" src=\"https:\/\/www.ossoff.senate.gov\/wp-content\/uploads\/2025\/02\/2409517_Agusta_Airport_123-1024x1024.jpg\" class=\"attachment-large size-large wp-image-26404\" alt=\"\" srcset=\"https:\/\/www.ossoff.senate.gov\/wp-content\/uploads\/2025\/02\/2409517_Agusta_Airport_123-1024x1024.jpg 1024w, https:\/\/www.ossoff.senate.gov\/wp-content\/uploads\/2025\/02\/2409517_Agusta_Airport_123-300x300.jpg 300w, https:\/\/www.ossoff.senate.gov\/wp-content\/uploads\/2025\/02\/2409517_Agusta_Airport_123-150x150.jpg 150w, https:\/\/www.ossoff.senate.gov\/wp-content\/uploads\/2025\/02\/2409517_Agusta_Airport_123-768x768.jpg 768w, https:\/\/www.ossoff.senate.gov\/wp-content\/uploads\/2025\/02\/2409517_Agusta_Airport_123-1536x1536.jpg 1536w, https:\/\/www.ossoff.senate.gov\/wp-content\/uploads\/2025\/02\/2409517_Agusta_Airport_123-2048x2048.jpg 2048w, https:\/\/www.ossoff.senate.gov\/wp-content\/uploads\/2025\/02\/2409517_Agusta_Airport_123-12x12.jpg 12w\" sizes=\"(max-width: 800px) 100vw, 800px\" \/><\/div><\/a>\n\t\t\t\t<div class=\"elementor-post__text\">\n\t\t\t\t<h3 class=\"elementor-post__title\">\n\t\t\t<a href=\"https:\/\/www.ossoff.senate.gov\/es\/services\/grant-requests\/\" >\n\t\t\t\tAsistencia con subvenciones\t\t\t<\/a>\n\t\t<\/h3>\n\t\t\t\t<\/div>\n\t\t\t\t\t<\/div>\n\t\t<\/article>\n\t\t\t\t<article class=\"elementor-post elementor-grid-item post-1755 page type-page status-publish has-post-thumbnail hentry\">\n\t\t\t<div class=\"elementor-post__card\">\n\t\t\t\t<a class=\"elementor-post__thumbnail__link\" href=\"https:\/\/www.ossoff.senate.gov\/es\/services\/federal-nominations\/\" tabindex=\"-1\" ><div class=\"elementor-post__thumbnail\"><img decoding=\"async\" width=\"800\" height=\"800\" src=\"https:\/\/www.ossoff.senate.gov\/wp-content\/uploads\/2025\/02\/231025_HRL_DC_Foster_130-1024x1024.jpg\" class=\"attachment-large size-large wp-image-26410\" alt=\"\" srcset=\"https:\/\/www.ossoff.senate.gov\/wp-content\/uploads\/2025\/02\/231025_HRL_DC_Foster_130-1024x1024.jpg 1024w, https:\/\/www.ossoff.senate.gov\/wp-content\/uploads\/2025\/02\/231025_HRL_DC_Foster_130-300x300.jpg 300w, https:\/\/www.ossoff.senate.gov\/wp-content\/uploads\/2025\/02\/231025_HRL_DC_Foster_130-150x150.jpg 150w, https:\/\/www.ossoff.senate.gov\/wp-content\/uploads\/2025\/02\/231025_HRL_DC_Foster_130-768x768.jpg 768w, https:\/\/www.ossoff.senate.gov\/wp-content\/uploads\/2025\/02\/231025_HRL_DC_Foster_130-1536x1536.jpg 1536w, https:\/\/www.ossoff.senate.gov\/wp-content\/uploads\/2025\/02\/231025_HRL_DC_Foster_130-2048x2048.jpg 2048w, https:\/\/www.ossoff.senate.gov\/wp-content\/uploads\/2025\/02\/231025_HRL_DC_Foster_130-12x12.jpg 12w\" sizes=\"(max-width: 800px) 100vw, 800px\" \/><\/div><\/a>\n\t\t\t\t<div class=\"elementor-post__text\">\n\t\t\t\t<h3 class=\"elementor-post__title\">\n\t\t\t<a href=\"https:\/\/www.ossoff.senate.gov\/es\/services\/federal-nominations\/\" >\n\t\t\t\tNominaciones federales\t\t\t<\/a>\n\t\t<\/h3>\n\t\t\t\t<\/div>\n\t\t\t\t\t<\/div>\n\t\t<\/article>\n\t\t\t\t<article class=\"elementor-post elementor-grid-item post-1757 page type-page status-publish has-post-thumbnail hentry\">\n\t\t\t<div class=\"elementor-post__card\">\n\t\t\t\t<a class=\"elementor-post__thumbnail__link\" href=\"https:\/\/www.ossoff.senate.gov\/es\/services\/appropriations\/\" tabindex=\"-1\" ><div class=\"elementor-post__thumbnail\"><img loading=\"lazy\" decoding=\"async\" width=\"800\" height=\"534\" src=\"https:\/\/www.ossoff.senate.gov\/wp-content\/uploads\/2021\/09\/210729_DS_Capitol_BRoll_321-1024x683.jpg\" class=\"attachment-large size-large wp-image-7879\" alt=\"Senator Ossoff from behind walking in the Capitol Rotunda.\" srcset=\"https:\/\/www.ossoff.senate.gov\/wp-content\/uploads\/2021\/09\/210729_DS_Capitol_BRoll_321-1024x683.jpg 1024w, https:\/\/www.ossoff.senate.gov\/wp-content\/uploads\/2021\/09\/210729_DS_Capitol_BRoll_321-300x200.jpg 300w, https:\/\/www.ossoff.senate.gov\/wp-content\/uploads\/2021\/09\/210729_DS_Capitol_BRoll_321-768x512.jpg 768w, https:\/\/www.ossoff.senate.gov\/wp-content\/uploads\/2021\/09\/210729_DS_Capitol_BRoll_321-1536x1024.jpg 1536w, https:\/\/www.ossoff.senate.gov\/wp-content\/uploads\/2021\/09\/210729_DS_Capitol_BRoll_321-2048x1365.jpg 2048w, https:\/\/www.ossoff.senate.gov\/wp-content\/uploads\/2021\/09\/210729_DS_Capitol_BRoll_321-18x12.jpg 18w\" sizes=\"(max-width: 800px) 100vw, 800px\" \/><\/div><\/a>\n\t\t\t\t<div class=\"elementor-post__text\">\n\t\t\t\t<h3 class=\"elementor-post__title\">\n\t\t\t<a href=\"https:\/\/www.ossoff.senate.gov\/es\/services\/appropriations\/\" >\n\t\t\t\tAsignaciones\t\t\t<\/a>\n\t\t<\/h3>\n\t\t\t\t<\/div>\n\t\t\t\t\t<\/div>\n\t\t<\/article>\n\t\t\t\t<article class=\"elementor-post elementor-grid-item post-1759 page type-page status-publish has-post-thumbnail hentry\">\n\t\t\t<div class=\"elementor-post__card\">\n\t\t\t\t<a class=\"elementor-post__thumbnail__link\" href=\"https:\/\/www.ossoff.senate.gov\/es\/services\/special-recognition\/\" tabindex=\"-1\" ><div class=\"elementor-post__thumbnail\"><img loading=\"lazy\" decoding=\"async\" width=\"800\" height=\"640\" src=\"https:\/\/www.ossoff.senate.gov\/wp-content\/uploads\/2025\/03\/signal-2025-03-27-172609_002-1024x819.jpeg\" class=\"attachment-large size-large wp-image-27166\" alt=\"\" srcset=\"https:\/\/www.ossoff.senate.gov\/wp-content\/uploads\/2025\/03\/signal-2025-03-27-172609_002-1024x819.jpeg 1024w, https:\/\/www.ossoff.senate.gov\/wp-content\/uploads\/2025\/03\/signal-2025-03-27-172609_002-300x240.jpeg 300w, https:\/\/www.ossoff.senate.gov\/wp-content\/uploads\/2025\/03\/signal-2025-03-27-172609_002-768x614.jpeg 768w, https:\/\/www.ossoff.senate.gov\/wp-content\/uploads\/2025\/03\/signal-2025-03-27-172609_002-1536x1229.jpeg 1536w, https:\/\/www.ossoff.senate.gov\/wp-content\/uploads\/2025\/03\/signal-2025-03-27-172609_002-15x12.jpeg 15w, https:\/\/www.ossoff.senate.gov\/wp-content\/uploads\/2025\/03\/signal-2025-03-27-172609_002.jpeg 1600w\" sizes=\"(max-width: 800px) 100vw, 800px\" \/><\/div><\/a>\n\t\t\t\t<div class=\"elementor-post__text\">\n\t\t\t\t<h3 class=\"elementor-post__title\">\n\t\t\t<a href=\"https:\/\/www.ossoff.senate.gov\/es\/services\/special-recognition\/\" >\n\t\t\t\tSpecial Recognitions\t\t\t<\/a>\n\t\t<\/h3>\n\t\t\t\t<\/div>\n\t\t\t\t\t<\/div>\n\t\t<\/article>\n\t\t\t\t<article class=\"elementor-post elementor-grid-item post-26948 page type-page status-publish has-post-thumbnail hentry\">\n\t\t\t<div class=\"elementor-post__card\">\n\t\t\t\t<a class=\"elementor-post__thumbnail__link\" href=\"https:\/\/www.ossoff.senate.gov\/es\/services\/tour-request\/\" tabindex=\"-1\" ><div class=\"elementor-post__thumbnail\"><img loading=\"lazy\" decoding=\"async\" width=\"800\" height=\"800\" src=\"https:\/\/www.ossoff.senate.gov\/wp-content\/uploads\/2025\/03\/square-20240612-pineda-937-1024x1024.jpg\" class=\"attachment-large size-large wp-image-27162\" alt=\"\" srcset=\"https:\/\/www.ossoff.senate.gov\/wp-content\/uploads\/2025\/03\/square-20240612-pineda-937-1024x1024.jpg 1024w, https:\/\/www.ossoff.senate.gov\/wp-content\/uploads\/2025\/03\/square-20240612-pineda-937-300x300.jpg 300w, https:\/\/www.ossoff.senate.gov\/wp-content\/uploads\/2025\/03\/square-20240612-pineda-937-150x150.jpg 150w, https:\/\/www.ossoff.senate.gov\/wp-content\/uploads\/2025\/03\/square-20240612-pineda-937-768x768.jpg 768w, https:\/\/www.ossoff.senate.gov\/wp-content\/uploads\/2025\/03\/square-20240612-pineda-937-1536x1536.jpg 1536w, https:\/\/www.ossoff.senate.gov\/wp-content\/uploads\/2025\/03\/square-20240612-pineda-937-2048x2048.jpg 2048w, https:\/\/www.ossoff.senate.gov\/wp-content\/uploads\/2025\/03\/square-20240612-pineda-937-12x12.jpg 12w\" sizes=\"(max-width: 800px) 100vw, 800px\" \/><\/div><\/a>\n\t\t\t\t<div class=\"elementor-post__text\">\n\t\t\t\t<h3 class=\"elementor-post__title\">\n\t\t\t<a href=\"https:\/\/www.ossoff.senate.gov\/es\/services\/tour-request\/\" >\n\t\t\t\tTour Requests\t\t\t<\/a>\n\t\t<\/h3>\n\t\t\t\t<\/div>\n\t\t\t\t\t<\/div>\n\t\t<\/article>\n\t\t\t\t<\/div>\n\t\t\n\t\t\t\t\t\t<\/div>\n\t\t\t\t<\/div>\n\t\t\t\t\t<\/div>\n\t\t<\/div>\n\t\t\t\t\t<\/div>\n\t\t<\/section>\n\t\t\t\t<\/div>","protected":false},"excerpt":{"rendered":"<p>Scheduling Requests Schedule an event Would you like to invite Senator Ossoff for an event or speaking engagement? Please fill out the form below to<\/p>","protected":false},"author":72,"featured_media":0,"parent":2821,"menu_order":0,"comment_status":"closed","ping_status":"closed","template":"","meta":{"_acf_changed":false,"footnotes":""},"class_list":["post-27788","page","type-page","status-publish","hentry"],"acf":[],"_links":{"self":[{"href":"https:\/\/www.ossoff.senate.gov\/es\/wp-json\/wp\/v2\/pages\/27788","targetHints":{"allow":["GET"]}}],"collection":[{"href":"https:\/\/www.ossoff.senate.gov\/es\/wp-json\/wp\/v2\/pages"}],"about":[{"href":"https:\/\/www.ossoff.senate.gov\/es\/wp-json\/wp\/v2\/types\/page"}],"author":[{"embeddable":true,"href":"https:\/\/www.ossoff.senate.gov\/es\/wp-json\/wp\/v2\/users\/72"}],"replies":[{"embeddable":true,"href":"https:\/\/www.ossoff.senate.gov\/es\/wp-json\/wp\/v2\/comments?post=27788"}],"version-history":[{"count":10,"href":"https:\/\/www.ossoff.senate.gov\/es\/wp-json\/wp\/v2\/pages\/27788\/revisions"}],"predecessor-version":[{"id":28275,"href":"https:\/\/www.ossoff.senate.gov\/es\/wp-json\/wp\/v2\/pages\/27788\/revisions\/28275"}],"up":[{"embeddable":true,"href":"https:\/\/www.ossoff.senate.gov\/es\/wp-json\/wp\/v2\/pages\/2821"}],"wp:attachment":[{"href":"https:\/\/www.ossoff.senate.gov\/es\/wp-json\/wp\/v2\/media?parent=27788"}],"curies":[{"name":"wp","href":"https:\/\/api.w.org\/{rel}","templated":true}]}}