{"id":24394,"date":"2024-09-28T17:19:51","date_gmt":"2024-09-28T21:19:51","guid":{"rendered":"https:\/\/www.ossoff.senate.gov\/?page_id=24394"},"modified":"2024-10-09T11:51:42","modified_gmt":"2024-10-09T15:51:42","slug":"helene","status":"publish","type":"page","link":"https:\/\/www.ossoff.senate.gov\/es\/helene\/","title":{"rendered":"Hurricane Helene Resources"},"content":{"rendered":"<div data-elementor-type=\"wp-page\" data-elementor-id=\"24394\" class=\"elementor elementor-24394\" data-elementor-post-type=\"page\">\n\t\t\t\t\t\t<section class=\"elementor-section elementor-top-section elementor-element elementor-element-75aa23a6 elementor-section-height-min-height elementor-section-items-bottom elementor-section-boxed elementor-section-height-default\" data-id=\"75aa23a6\" data-element_type=\"section\" data-settings=\"{&quot;background_background&quot;:&quot;classic&quot;}\">\n\t\t\t\t\t\t<div class=\"elementor-container elementor-column-gap-default\">\n\t\t\t\t\t<div class=\"elementor-column elementor-col-100 elementor-top-column elementor-element elementor-element-2149455d\" data-id=\"2149455d\" data-element_type=\"column\" data-settings=\"{&quot;background_background&quot;:&quot;classic&quot;}\">\n\t\t\t<div class=\"elementor-widget-wrap elementor-element-populated\">\n\t\t\t\t\t\t<div class=\"elementor-element elementor-element-cf177e9 elementor-widget elementor-widget-heading\" data-id=\"cf177e9\" data-element_type=\"widget\" data-no-translation=\"\" data-widget_type=\"heading.default\">\n\t\t\t\t<div class=\"elementor-widget-container\">\n\t\t\t\t\t<h1 class=\"elementor-heading-title elementor-size-xl\">Recursos sobre el hurac\u00e1n Helene<\/h1>\t\t\t\t<\/div>\n\t\t\t\t<\/div>\n\t\t\t\t\t<\/div>\n\t\t<\/div>\n\t\t\t\t\t<\/div>\n\t\t<\/section>\n\t\t\t\t<section class=\"elementor-section elementor-top-section elementor-element elementor-element-6ec95e75 elementor-section-boxed elementor-section-height-default elementor-section-height-default\" data-id=\"6ec95e75\" data-element_type=\"section\">\n\t\t\t\t\t\t<div class=\"elementor-container elementor-column-gap-default\">\n\t\t\t\t\t<div class=\"elementor-column elementor-col-100 elementor-top-column elementor-element elementor-element-1afd84ff\" data-id=\"1afd84ff\" data-element_type=\"column\">\n\t\t\t<div class=\"elementor-widget-wrap elementor-element-populated\">\n\t\t\t\t\t\t<div class=\"elementor-element elementor-element-00daa7c elementor-widget elementor-widget-image\" data-id=\"00daa7c\" data-element_type=\"widget\" data-widget_type=\"image.default\">\n\t\t\t\t<div class=\"elementor-widget-container\">\n\t\t\t\t\t\t\t\t\t\t\t\t\t\t\t<img decoding=\"async\" src=\"https:\/\/www.ossoff.senate.gov\/wp-content\/uploads\/elementor\/thumbs\/240928_Valdosta_Hurricane_188-scaled-r677j8i19e0weg7eap5iffvw1c9w5g8jgnplehabvk.jpg\" title=\"240928_Valdosta_Hurricane_188\" alt=\"240928_Valdosta_Hurricane_188\" loading=\"lazy\" \/>\t\t\t\t\t\t\t\t\t\t\t\t\t\t\t<\/div>\n\t\t\t\t<\/div>\n\t\t\t\t<div class=\"elementor-element elementor-element-418f173 elementor-widget__width-initial elementor-widget elementor-widget-spacer\" data-id=\"418f173\" data-element_type=\"widget\" data-widget_type=\"spacer.default\">\n\t\t\t\t<div class=\"elementor-widget-container\">\n\t\t\t\t\t\t\t<div class=\"elementor-spacer\">\n\t\t\t<div class=\"elementor-spacer-inner\"><\/div>\n\t\t<\/div>\n\t\t\t\t\t\t<\/div>\n\t\t\t\t<\/div>\n\t\t\t\t<div class=\"elementor-element elementor-element-09c39a4 elementor-widget elementor-widget-text-editor\" data-id=\"09c39a4\" data-element_type=\"widget\" data-no-translation=\"\" data-widget_type=\"text-editor.default\">\n\t\t\t\t<div class=\"elementor-widget-container\">\n\t\t\t\t\t<style>.elementor-element-09c39a4{display:none !important}<\/style>\t\t\t\t<\/div>\n\t\t\t\t<\/div>\n\t\t\t\t<div class=\"elementor-element elementor-element-e68f640 elementor-widget elementor-widget-text-editor\" data-id=\"e68f640\" data-element_type=\"widget\" data-no-translation=\"\" data-widget_type=\"text-editor.default\">\n\t\t\t\t<div class=\"elementor-widget-container\">\n\t\t\t\t\t\t\t\t\t<p><span style=\"text-decoration: underline;\"><em><strong>Martes 1 de octubre de 2024:<\/strong><\/em><\/span><\/p><p style=\"font-weight: 400;\"><a href=\"https:\/\/www.ossoff.senate.gov\/press-releases\/sen-ossoff-leads-georgias-congressional-delegation-urging-swift-approval-of-states-federal-disaster-declaration-request\/\">Siguiendo la petici\u00f3n del senador Ossoff y la delegaci\u00f3n del Congreso de Georgia<\/a>, el presidente Biden aprob\u00f3 la solicitud de Declaraci\u00f3n de Desastres Mayores del Estado de Georgia, que desbloquea el apoyo federal para desastres para individuos, peque\u00f1as empresas, gobiernos locales y m\u00e1s.<\/p><p style=\"font-weight: 400;\">Lea la siguiente informaci\u00f3n atentamente y si\u00e9ntase libre de compartir esta informaci\u00f3n dentro de sus comunidades.<\/p><h4 style=\"font-weight: 400;\"><strong><u>1. ASISTENCIA INDIVIDUAL DE FEMA:<\/u><\/strong><\/h4><p style=\"font-weight: 400;\">Despu\u00e9s de que el Presidente aprob\u00f3 la Declaraci\u00f3n de Desastres Mayores de Georgia, el programa de Asistencia Individual (Individual Assistance, IA) de la Agencia Federal para el Manejo de Emergencias (Federal Emergency Management Agency, FEMA) est\u00e1 ahora disponible para los afectados en los condados aprobados. Para m\u00e1s preguntas o asistencia, visite <a href=\"http:\/\/DisasterAssistance.gov\/es\">DisasterAssistance.gov\/es<\/a>\u00a0o llame a la L\u00ednea Directa de FEMA al 1-800-621-3362. Tambi\u00e9n puede <a href=\"https:\/\/www.fema.gov\/es\/about\/news-multimedia\/mobile-products\">descargar la aplicaci\u00f3n FEMA aqu\u00ed<\/a> para enviar su solicitud.<\/p><h5>La asistencia de IHP no sustituye a los seguros y no puede compensar todas las p\u00e9rdidas causadas por un desastre. La asistencia est\u00e1 destinada a cubrir sus necesidades b\u00e1sicas y complementar las labores de recuperaci\u00f3n del desastre.<\/h5><p>Encuentra m\u00e1s informaci\u00f3n sobre elegibilidad para este programa de FEMA aqu\u00ed: <a href=\"https:\/\/www.fema.gov\/es\/assistance\/individual\/program\/citizenship-immigration-status\">www.fema.gov\/es\/assistance\/individual\/program\/citizenship-immigration-status<\/a><\/p><ul><li>Todas las personas afectadas por un desastre mayor, independientemente de su ciudadan\u00eda o estatus migratorio, <strong>pueden ser elegibles para asistencia de consejer\u00eda de crisis, servicios legales por desastre, manejo de casos por desastre, programa de asistencia nutricional suplementaria por desastre y otros programas de ayuda no monetaria, o similar, de emergencia por desastre.<\/strong> Estos programas incluyen atenci\u00f3n m\u00e9dica, alojamiento, alimentos y agua.<\/li><\/ul><h6 style=\"font-weight: 400;\"><strong><em><u>C\u00f3mo funciona el Programa de Asistencia Individual de FEMA:<\/u><\/em><\/strong><\/h6><p style=\"font-weight: 400;\">El programa de Asistencia Individual de FEMA ofrece fondos federales para personas afectadas por desastres naturales, incluidos aquellos que incurren en costos de vivienda, costos de alimentos y otros suministros vitales. Esto puede incluir lo siguiente:<\/p><ul><li><strong>Asistencia de alquiler<\/strong>: Dinero que puede usar para alquilar una vivienda si es desplazado de su casa debido al desastre.<\/li><li><strong>Reembolso de gastos de alojamiento<\/strong>: Dinero para reembolsarle los gastos de alojamiento de emergencia, como hotel o motel, si es desplazado de su casa debido al desastre.<\/li><li><strong>Reparaci\u00f3n o reemplazo del hogar<\/strong>: Dinero para ayudarle a reparar o reemplazar su casa da\u00f1ada por el desastre. El dinero tambi\u00e9n puede ayudar con da\u00f1os preexistentes en partes de su hogar donde el desastre caus\u00f3 m\u00e1s da\u00f1os.<\/li><li><strong>Necesidades de accesibilidad<\/strong>: Dinero para ayudar a los sobrevivientes con una discapacidad con reparaciones espec\u00edficas para asegurarse de que su hogar sea accesible, como rampa exterior, barras de agarre y camino pavimentado a la entrada de la casa<\/li><li><strong>Necesidades inmediatas<\/strong>: Dinero para ayudarle a pagar por las necesidades inmediatas tales como agua, alimentos, primeros auxilios, recetas, leche de f\u00f3rmula, equipo para la lactancia materna, pa\u00f1ales, art\u00edculos de higiene personal y combustibles para el transporte.<\/li><li><strong>Desplazamiento<\/strong>: Dinero para ayudar con las necesidades inmediatas de vivienda si no puede regresar a su hogar debido al desastre. El dinero se puede utilizar para alojarse en un hotel, con familiares y amigos u otras opciones mientras busca una unidad de alquiler.<\/li><li><strong>Propiedad personal<\/strong>: Dinero para ayudarle a reparar o reemplazar electrodom\u00e9sticos, muebles de las habitaciones y una computadora personal o familiar da\u00f1ada por el desastre. Esto tambi\u00e9n puede incluir dinero para libros, uniformes, herramientas, computadoras adicionales y otros art\u00edculos necesarios para la escuela o el trabajo, incluido el trabajo por cuenta propia.<\/li><li><strong>Atenci\u00f3n m\u00e9dica\/dental<\/strong>: Dinero para ayudarle a pagar los gastos porque el desastre caus\u00f3 una lesi\u00f3n o enfermedad. Este dinero tambi\u00e9n se puede utilizar para ayudar a reemplazar el equipo m\u00e9dico\/dental, el equipo de lactancia materna o medicamentos recetados da\u00f1ados o perdidos debido al desastre.<\/li><li><strong>Atenci\u00f3n a los ni\u00f1os<\/strong>: Dinero para ayudarlo a pagar el aumento o los gastos no planificados de cuidado de ni\u00f1os causados por el desastre.<\/li><li><strong>Transporte<\/strong>: Dinero para ayudarle a reparar o reemplazar un veh\u00edculo da\u00f1ado por el desastre cuando no tiene otro veh\u00edculo que pueda usar.<\/li><li><strong>Gastos de mudanza y almacenamiento<\/strong>: Dinero para ayudarle a mudarse y almacenar bienes personales de su casa para evitar da\u00f1os adicionales, generalmente mientras est\u00e1 haciendo reparaciones a su casa o mud\u00e1ndose a un nuevo lugar debido al desastre.<\/li><\/ul><h6 style=\"font-weight: 400;\"><strong><em><u>C\u00f3mo solicitarlo:<\/u><\/em><\/strong><\/h6><ol><li><strong>Comprobar la elegibilidad<\/strong>: Visite <a href=\"http:\/\/DisasterAssistance.gov\/es\">DisasterAssistance.gov\/es<\/a>\u00a0y haga clic en \u201clet\u2019s get started\u201d (\u201cComenzar\u201d) en la p\u00e1gina de inicio para verificar si es elegible.<\/li><li><strong>Recopilar informaci\u00f3n personal<\/strong>: Necesitar\u00e1 tener lista la mayor cantidad de la siguiente informaci\u00f3n: Domicilio, correo postal y correo electr\u00f3nico, n\u00famero de tel\u00e9fono, n\u00famero de Seguro Social (SSN), informaci\u00f3n bancaria y de seguros.<\/li><li><strong>Completar la solicitud<\/strong>: Introduzca tantos detalles como pueda. Puede volver a su cuenta m\u00e1s tarde para ingresar cualquier cosa que no tenga a mano en el momento.<\/li><li><strong>Revisar y enviar<\/strong>: Compruebe lo que ha ingresado, haga cambios si es necesario y env\u00ede su solicitud a FEMA. Recuerde guardar y conservar su ID de aplicaci\u00f3n. Lo necesitar\u00e1 cada vez que hable con FEMA.<\/li><\/ol><h6 style=\"font-weight: 400;\"><strong><em><u>Qu\u00e9 sucede despu\u00e9s de solicitar:<\/u><\/em><\/strong><\/h6><ol><li><strong>FEMA revisa su solicitud<\/strong>: Si FEMA no puede calificarlo solo con base en su solicitud, pueden solicitar m\u00e1s informaci\u00f3n o inspeccionar su hogar.<\/li><li><strong>Revise su casilla de su correo electr\u00f3nico<\/strong>: FEMA le enviar\u00e1 un correo electr\u00f3nico cuando tenga mensajes en su cuenta.<\/li><li><strong>Verifique su estado<\/strong>: Puede iniciar sesi\u00f3n en su cuenta en cualquier momento para verificar el estado de su solicitud.<\/li><li><strong>Obtenga el pago<\/strong>: Si califica, FEMA le enviar\u00e1 un pago utilizando el m\u00e9todo que elija, ya sea a trav\u00e9s de dep\u00f3sito directo o un cheque por correo.<\/li><\/ol><h4><strong><u>2. ASISTENCIA P\u00daBLICA DE FEMA:<\/u><\/strong><\/h4><p style=\"font-weight: 400;\">Despu\u00e9s de que el Presidente aprob\u00f3 la Declaraci\u00f3n de Desastres Mayores de Georgia, el Programa de Asistencia P\u00fablica de la Agencia Federal para el Manejo de Emergencias (Federal Emergency Management Agency, FEMA) est\u00e1 ahora disponible para los afectados en los condados aprobados. Para m\u00e1s preguntas o asistencia, visite <a href=\"https:\/\/www.fema.gov\/es\/assistance\/public\">www.fema.gov\/es\/assistance\/public<\/a>.<\/p><h6 style=\"font-weight: 400;\"><strong><em><u>C\u00f3mo funciona el Programa de Asistencia P\u00fablica de FEMA:<\/u><\/em><\/strong><\/h6><p style=\"font-weight: 400;\">El Programa de Asistencia P\u00fablica de FEMA proporciona subvenciones suplementarias a los gobiernos estatales, tribales, territoriales y locales, y ciertos tipos de organizaciones privadas sin fines de lucro, para que las comunidades puedan responder r\u00e1pidamente y recuperarse de desastres o emergencias importantes.<\/p><p style=\"font-weight: 400;\">Despu\u00e9s de un evento como un hurac\u00e1n, tornado, terremoto o incendio forestal, las comunidades necesitan ayuda para cubrir sus costos de remoci\u00f3n de escombros, medidas de protecci\u00f3n de emergencia para salvar vidas y restaurar la infraestructura p\u00fablica.<\/p><p style=\"font-weight: 400;\"><strong><em><u>Hay 4 componentes de elegibilidad para la asistencia p\u00fablica:<\/u><\/em><\/strong><\/p><ol><li>Un solicitante debe ser un estado, territorio, tribu, gobierno local o cierto tipo de organizaci\u00f3n privada sin fines de lucro.<\/li><li>Una instalaci\u00f3n debe ser un edificio, sistema de obras p\u00fablicas, equipo o caracter\u00edstica natural mejorada y mantenida.<\/li><li>El trabajo se clasifica como \u201cemergencia\u201d o \u201cpermanente\u201d. Debe ser requerido como resultado del incidente declarado, ubicado dentro de la zona de desastre designada, y es responsabilidad legal del solicitante elegible.<\/li><li>Los costos son gastos vinculados de manera directa con el trabajo elegible, y deben estar debidamente documentados, autorizados, necesarios y razonables. Los costos elegibles incluyen mano de obra, equipo, materiales, trabajo por contrato y costos de gesti\u00f3n.<\/li><\/ol><p style=\"font-weight: 400;\"><span style=\"text-decoration: underline;\"><em><strong>Hay 7 tipos de trabajo elegibles:<\/strong><\/em><\/span><\/p><p style=\"font-weight: 400;\"><strong><em><u>Trabajo de emergencia (debe completarse dentro de los 6 meses):<\/u><\/em><\/strong><\/p><ol><li>Categor\u00eda A: Eliminaci\u00f3n de escombros<\/li><li>Categor\u00eda B: Medidas de protecci\u00f3n de emergencia<\/li><\/ol><p style=\"font-weight: 400;\"><strong><em><u>Trabajo permanente (debe completarse dentro de los 18 meses):<\/u><\/em><\/strong><\/p><ol start=\"3\"><li>Categor\u00eda C: Carreteras y puentes<\/li><li>Categor\u00eda D: Instalaciones de control de agua<\/li><li>Categor\u00eda E: Edificios y equipos p\u00fablicos<\/li><li>Categor\u00eda F: Servicios p\u00fablicos<\/li><li>Categor\u00eda G: Parques, recreaci\u00f3n y otras instalaciones<\/li><\/ol><h6 style=\"font-weight: 400;\"><strong><em><u>C\u00f3mo solicitarlo:<\/u><\/em><\/strong><\/h6><p style=\"font-weight: 400;\">Cuando est\u00e9n listos para solicitar, los solicitantes deben usar el <a href=\"https:\/\/grantee.fema.gov\/\">Grants Portal<\/a> (Portal de Subvenciones de Asistencia P\u00fablica) para dar cuenta de todas las actividades asociadas con sus reclamaciones de da\u00f1os.<\/p><p style=\"font-weight: 400;\">Los solicitantes pueden utilizar el Portal de Becas para lo siguiente:<\/p><ul><li>Registrarse y actualizar un perfil de solicitante<\/li><li>Presentar una \u201cSolicitud de Asistencia P\u00fablica\u201d<\/li><li>Subir documentaci\u00f3n del proyecto<\/li><\/ul><h4><strong><u>3. PR\u00c9STAMOS DE ADMINISTRACI\u00d3N DE PEQUE\u00d1AS EMPRESAS (SBA):<\/u><\/strong><\/h4><p style=\"font-weight: 400;\">La Administraci\u00f3n de Peque\u00f1os Negocios (Small Business Administration, SBA) ofrece asistencia en casos de desastre para propietarios de viviendas, inquilinos, organizaciones sin fines de lucro y negocios de todos los tama\u00f1os afectados por el hurac\u00e1n Helene en condados aprobados. Para m\u00e1s preguntas o asistencia, visite <a href=\"https:\/\/www.sba.gov\/es\/programas-de-financiamiento\/asistencia-por-desastre\">https:\/\/www.sba.gov\/es\/programas-de-financiamiento\/asistencia-por-desastre<\/a><\/p><h6 style=\"font-weight: 400;\"><strong><em><u>Tipos de Pr\u00e9stamos para Desastres disponibles (haga clic en el nombre de los siguientes programas para encontrar informaci\u00f3n m\u00e1s espec\u00edfica):<\/u><\/em><\/strong><\/h6><ol><li><span style=\"text-decoration: underline;\"><a href=\"https:\/\/www.sba.gov\/es\/programas-de-financiamiento\/ayuda-en-desastres\/prestamos-por-danos-fisicos\"><strong>Pr\u00e9stamos de vivienda para casos de desastre<\/strong><\/a><\/span>: Pr\u00e9stamos a propietarios o inquilinos para reparar o reemplazar bienes ra\u00edces y bienes personales da\u00f1ados por desastres, incluidos autom\u00f3viles.<\/li><li><a href=\"https:\/\/www.sba.gov\/es\/programas-de-financiamiento\/ayuda-en-desastres\/prestamos-por-danos-fisicos\"><span style=\"text-decoration: underline;\"><strong>Pr\u00e9stamos de negocios para desastres f\u00edsicos<\/strong><\/span>:<\/a> Pr\u00e9stamos a empresas para reparar o reemplazar bienes da\u00f1ados por el desastre propiedad de la empresa, incluidos bienes ra\u00edces, inventarios, suministros, maquinaria y equipo. Son elegibles las empresas de cualquier tama\u00f1o. Tambi\u00e9n son elegibles organizaciones privadas sin fines de lucro como organizaciones ben\u00e9ficas, iglesias, universidades privadas, etc.<\/li><li><a href=\"https:\/\/www.sba.gov\/es\/programas-de-financiamiento\/ayuda-en-desastres\/prestamo-de-desastre-por-danos-economicos\"><strong><span style=\"text-decoration: underline;\">Pr\u00e9stamos para casos de desastre por p\u00e9rdidas econ\u00f3micas (EIDL<\/span>)<\/strong><\/a>: Pr\u00e9stamos de capital de trabajo para ayudar a las peque\u00f1as empresas, peque\u00f1as cooperativas agr\u00edcolas, peque\u00f1as empresas dedicadas a la acuicultura y la mayor\u00eda de las organizaciones privadas sin fines de lucro de todos los tama\u00f1os a cumplir con sus obligaciones financieras ordinarias y necesarias que no pueden cumplirse como resultado directo del desastre. Estos pr\u00e9stamos est\u00e1n destinados a ayudar durante el per\u00edodo de recuperaci\u00f3n en caso de desastre.<\/li><\/ol><h6 style=\"font-weight: 400;\"><strong><em><u>\u00bfC\u00f3mo solicitarlos?<\/u><\/em><\/strong><\/h6><ul><li><strong>Solicitud en l\u00ednea<\/strong>: Los solicitantes elegibles deben <span style=\"text-decoration: underline;\"><strong><a href=\"https:\/\/lending.sba.gov\/search-disaster\/\">hacer clic aqu\u00ed<\/a><\/strong><\/span> para solicitar en l\u00ednea un pr\u00e9stamo de asistencia de desastre de la SBA. La SBA enviar\u00e1 un inspector para estimar el costo de los da\u00f1os una vez que su solicitud se haya completado y presentado.<\/li><li><strong>M\u00e1s asistencia<\/strong>: Aquellos que busquen m\u00e1s ayuda deben comunicarse con el Centro de Servicio al Cliente de Asistencia para Desastres de la SBA, por tel\u00e9fono, al 800-659-2955, o por correo electr\u00f3nico a <a href=\"mailto:disastercustomerservice@sba.gov\">disastercustomerservice@sba.gov<\/a>.<\/li><\/ul><h4><strong><u>4. ALIVIO TRIBUTARIO DEL SERVICIO DE IMPUESTOS INTERNOS (IRS):<\/u><\/strong><\/h4><p style=\"font-weight: 400;\">El Servicio de Impuestos Internos (Internal Revenue Service, IRS) proporcionar\u00e1 autom\u00e1ticamente alivio tributario administrativo y disposiciones especiales de ley tributaria que otorgan tiempo adicional para que individuos y empresas presenten declaraciones, paguen impuestos y realicen ciertos otros actos sensibles al tiempo a los contribuyentes afectados por un desastre declarado por el gobierno federal. Algunas circunstancias pueden corresponder.<\/p><p style=\"font-weight: 400;\">El alivio tributario administrativo por desastre incluye el aplazamiento de los plazos de presentaci\u00f3n y pago para los contribuyentes elegibles y se basa en evaluaciones preliminares de da\u00f1os por parte de FEMA.<\/p><p style=\"font-weight: 400;\">Para las disposiciones actuales de alivio tributario busque <a href=\"https:\/\/www.irs.gov\/es\/newsroom\/tax-relief-in-disaster-situations\"><strong>Tax relief in disaster situations<\/strong><\/a> (alivio tributario en situaciones de desastre) y visite <a href=\"https:\/\/www.irs.gov\/es\/newsroom\/around-the-nation\"><strong>Around the nation<\/strong><\/a> (alrededor del pa\u00eds) para obtener comunicados de prensa de alivio de desastres del IRS espec\u00edficos para los estados afectados por desastres.<\/p><h6><strong><em><u>\u00bfQui\u00e9nes son los contribuyentes afectados?<\/u><\/em><\/strong><\/h6><ul><li>Individuos cuya residencia principal se encuentra en un \u00e1rea de desastre cubierta y su c\u00f3nyuge, si presentan una declaraci\u00f3n conjunta.<\/li><li>Entidades comerciales o propietarios \u00fanicos cuyo lugar principal de negocios se encuentra en una zona de desastre cubierta.<\/li><li>Trabajadores de socorro afiliados con organizaciones gubernamentales o filantr\u00f3picas que asisten en un \u00e1rea de desastre cubierta.<\/li><li>Cualquier individuo que visite un \u00e1rea cubierta de desastre que muri\u00f3 o result\u00f3 herido como resultado del desastre, o cualquier otra persona que el IRS determine ser afectada por un desastre declarado por el gobierno federal.<\/li><\/ul><p style=\"font-weight: 400;\">Puede obtener asistencia telef\u00f3nica gratuita y soluciones locales para problemas tributarios en un <a href=\"https:\/\/www.irs.gov\/es\/help\/contact-your-local-irs-office\">Centro de Asistencia al Contribuyente del IRS<\/a> cerca de su \u00e1rea, solo llame para una cita en persona. Asistencia fiscal gratuita tambi\u00e9n est\u00e1 disponible en la p\u00e1gina <a href=\"https:\/\/www.irs.gov\/es\/help\/let-us-help-you\">Let us help you<\/a>.<\/p><p style=\"font-weight: 400;\">&#8212;<\/p><p style=\"font-weight: 400;\">El senador Ossoff y su personal permanecen disponibles para responder preguntas y orientarlo con recursos locales que pueden ser de ayuda adicional.\u00a0<\/p><p style=\"font-weight: 400;\">Cualquier persona que busque ayuda de la oficina del senador Ossoff puede enviar un correo electr\u00f3nico a <a href=\"mailto:caseworkteam@ossoff.senate.gov\">caseworkteam@ossoff.senate.gov<\/a>.<\/p>\t\t\t\t\t\t\t\t<\/div>\n\t\t\t\t<\/div>\n\t\t\t\t<div class=\"elementor-element elementor-element-c4087af elementor-widget-divider--view-line elementor-widget elementor-widget-divider\" data-id=\"c4087af\" data-element_type=\"widget\" data-widget_type=\"divider.default\">\n\t\t\t\t<div class=\"elementor-widget-container\">\n\t\t\t\t\t\t\t<div class=\"elementor-divider\">\n\t\t\t<span class=\"elementor-divider-separator\">\n\t\t\t\t\t\t<\/span>\n\t\t<\/div>\n\t\t\t\t\t\t<\/div>\n\t\t\t\t<\/div>\n\t\t\t\t<div class=\"elementor-element elementor-element-23d73874 elementor-widget elementor-widget-text-editor\" data-id=\"23d73874\" data-element_type=\"widget\" data-widget_type=\"text-editor.default\">\n\t\t\t\t<div class=\"elementor-widget-container\">\n\t\t\t\t\t<style>.elementor-element-23d73874{display:none !important}<\/style>\t\t\t\t<\/div>\n\t\t\t\t<\/div>\n\t\t\t\t\t<\/div>\n\t\t<\/div>\n\t\t\t\t\t<\/div>\n\t\t<\/section>\n\t\t\t\t<\/div>","protected":false},"excerpt":{"rendered":"<p>Tuesday, October 1, 2024: On September 30, following Sen. Ossoff and Georgia\u2019s Congressional Delegation request, President Biden approved the State of Georgia\u2019s Major Disaster Declaration Request, which unlocks Federal disaster support for individuals, local governments, and more. Please find below available Federal resources and programs. 1. FEMA INDIVIDUAL ASSISTANCE: After the President approved Georgia\u2019s Major [&hellip;]<\/p>","protected":false},"author":57,"featured_media":0,"parent":0,"menu_order":0,"comment_status":"closed","ping_status":"closed","template":"elementor_header_footer","meta":{"_acf_changed":false,"footnotes":""},"class_list":["post-24394","page","type-page","status-publish","hentry"],"acf":[],"_links":{"self":[{"href":"https:\/\/www.ossoff.senate.gov\/es\/wp-json\/wp\/v2\/pages\/24394","targetHints":{"allow":["GET"]}}],"collection":[{"href":"https:\/\/www.ossoff.senate.gov\/es\/wp-json\/wp\/v2\/pages"}],"about":[{"href":"https:\/\/www.ossoff.senate.gov\/es\/wp-json\/wp\/v2\/types\/page"}],"author":[{"embeddable":true,"href":"https:\/\/www.ossoff.senate.gov\/es\/wp-json\/wp\/v2\/users\/57"}],"replies":[{"embeddable":true,"href":"https:\/\/www.ossoff.senate.gov\/es\/wp-json\/wp\/v2\/comments?post=24394"}],"version-history":[{"count":90,"href":"https:\/\/www.ossoff.senate.gov\/es\/wp-json\/wp\/v2\/pages\/24394\/revisions"}],"predecessor-version":[{"id":24662,"href":"https:\/\/www.ossoff.senate.gov\/es\/wp-json\/wp\/v2\/pages\/24394\/revisions\/24662"}],"wp:attachment":[{"href":"https:\/\/www.ossoff.senate.gov\/es\/wp-json\/wp\/v2\/media?parent=24394"}],"curies":[{"name":"wp","href":"https:\/\/api.w.org\/{rel}","templated":true}]}}