{"id":1759,"date":"2021-07-09T15:23:57","date_gmt":"2021-07-09T19:23:57","guid":{"rendered":"http:\/\/ossoff.testing.senate.gov\/\/?page_id=1759"},"modified":"2025-07-30T09:34:29","modified_gmt":"2025-07-30T13:34:29","slug":"special-recognition","status":"publish","type":"page","link":"https:\/\/www.ossoff.senate.gov\/es\/services\/special-recognition\/","title":{"rendered":"Special Recognitions"},"content":{"rendered":"<div data-elementor-type=\"wp-page\" data-elementor-id=\"1759\" class=\"elementor elementor-1759\" data-elementor-post-type=\"page\">\n\t\t\t\t\t\t<section class=\"elementor-section elementor-top-section elementor-element elementor-element-61dfe426 elementor-section-height-min-height elementor-section-items-bottom elementor-section-boxed elementor-section-height-default\" data-id=\"61dfe426\" data-element_type=\"section\" data-settings=\"{&quot;background_background&quot;:&quot;classic&quot;}\">\n\t\t\t\t\t\t\t<div class=\"elementor-background-overlay\"><\/div>\n\t\t\t\t\t\t\t<div class=\"elementor-container elementor-column-gap-default\">\n\t\t\t\t\t<div class=\"elementor-column elementor-col-100 elementor-top-column elementor-element elementor-element-673ec582\" data-id=\"673ec582\" data-element_type=\"column\">\n\t\t\t<div class=\"elementor-widget-wrap elementor-element-populated\">\n\t\t\t\t\t\t\t<\/div>\n\t\t<\/div>\n\t\t\t\t\t<\/div>\n\t\t<\/section>\n\t\t\t\t<section class=\"elementor-section elementor-top-section elementor-element elementor-element-7c83f97 elementor-section-boxed elementor-section-height-default elementor-section-height-default\" data-id=\"7c83f97\" data-element_type=\"section\">\n\t\t\t\t\t\t<div class=\"elementor-container elementor-column-gap-default\">\n\t\t\t\t\t<div class=\"elementor-column elementor-col-100 elementor-top-column elementor-element elementor-element-7f7bf42\" data-id=\"7f7bf42\" data-element_type=\"column\">\n\t\t\t<div class=\"elementor-widget-wrap\">\n\t\t\t\t\t\t\t<\/div>\n\t\t<\/div>\n\t\t\t\t\t<\/div>\n\t\t<\/section>\n\t\t\t\t<section class=\"elementor-section elementor-top-section elementor-element elementor-element-c60ec29 custom_tabs_section elementor-section-boxed elementor-section-height-default elementor-section-height-default\" data-id=\"c60ec29\" data-element_type=\"section\">\n\t\t\t\t\t\t<div class=\"elementor-container elementor-column-gap-default\">\n\t\t\t\t\t<div class=\"elementor-column elementor-col-100 elementor-top-column elementor-element elementor-element-31f78611\" data-id=\"31f78611\" data-element_type=\"column\">\n\t\t\t<div class=\"elementor-widget-wrap elementor-element-populated\">\n\t\t\t\t\t\t<div class=\"elementor-element elementor-element-bfc94e0 elementor-nav-menu__align-start elementor-nav-menu--dropdown-mobile elementor-nav-menu__text-align-aside elementor-widget elementor-widget-nav-menu\" data-id=\"bfc94e0\" data-element_type=\"widget\" data-settings=\"{&quot;layout&quot;:&quot;horizontal&quot;,&quot;submenu_icon&quot;:{&quot;value&quot;:&quot;&lt;i class=\\&quot;fas fa-caret-down\\&quot;&gt;&lt;\\\/i&gt;&quot;,&quot;library&quot;:&quot;fa-solid&quot;}}\" data-widget_type=\"nav-menu.default\">\n\t\t\t\t<div class=\"elementor-widget-container\">\n\t\t\t\t\t\t\t\t<nav aria-label=\"Menu\" class=\"elementor-nav-menu--main elementor-nav-menu__container elementor-nav-menu--layout-horizontal e--pointer-underline e--animation-fade\">\n\t\t\t\t<ul id=\"menu-1-bfc94e0\" class=\"elementor-nav-menu\"><li class=\"menu-item menu-item-type-post_type menu-item-object-page menu-item-1783\"><a href=\"https:\/\/www.ossoff.senate.gov\/es\/services\/grant-requests\/\" class=\"elementor-item\">Asistencia con subvenciones<\/a><\/li>\n<li class=\"menu-item menu-item-type-post_type menu-item-object-page menu-item-1781\"><a href=\"https:\/\/www.ossoff.senate.gov\/es\/services\/appropriations\/\" class=\"elementor-item\">Asignaciones<\/a><\/li>\n<li class=\"menu-item menu-item-type-post_type menu-item-object-page menu-item-1782\"><a href=\"https:\/\/www.ossoff.senate.gov\/es\/services\/federal-nominations\/\" class=\"elementor-item\">Nominaciones federales<\/a><\/li>\n<li class=\"menu-item menu-item-type-post_type menu-item-object-page menu-item-1784\"><a href=\"https:\/\/www.ossoff.senate.gov\/es\/services\/academy-nominations\/\" class=\"elementor-item\">Nominaciones a las academias militares<\/a><\/li>\n<li class=\"menu-item menu-item-type-post_type menu-item-object-page menu-item-1785\"><a href=\"https:\/\/www.ossoff.senate.gov\/es\/services\/special-recognition\/\" class=\"elementor-item\">Special Recognitions<\/a><\/li>\n<li class=\"menu-item menu-item-type-post_type menu-item-object-page menu-item-27100\"><a href=\"https:\/\/www.ossoff.senate.gov\/es\/services\/tour-request\/\" class=\"elementor-item\">Tour Requests<\/a><\/li>\n<\/ul>\t\t\t<\/nav>\n\t\t\t\t\t\t<nav class=\"elementor-nav-menu--dropdown elementor-nav-menu__container\" aria-hidden=\"true\">\n\t\t\t\t<ul id=\"menu-2-bfc94e0\" class=\"elementor-nav-menu\"><li class=\"menu-item menu-item-type-post_type menu-item-object-page menu-item-1783\"><a href=\"https:\/\/www.ossoff.senate.gov\/es\/services\/grant-requests\/\" class=\"elementor-item\" tabindex=\"-1\">Asistencia con subvenciones<\/a><\/li>\n<li class=\"menu-item menu-item-type-post_type menu-item-object-page menu-item-1781\"><a href=\"https:\/\/www.ossoff.senate.gov\/es\/services\/appropriations\/\" class=\"elementor-item\" tabindex=\"-1\">Asignaciones<\/a><\/li>\n<li class=\"menu-item menu-item-type-post_type menu-item-object-page menu-item-1782\"><a href=\"https:\/\/www.ossoff.senate.gov\/es\/services\/federal-nominations\/\" class=\"elementor-item\" tabindex=\"-1\">Nominaciones federales<\/a><\/li>\n<li class=\"menu-item menu-item-type-post_type menu-item-object-page menu-item-1784\"><a href=\"https:\/\/www.ossoff.senate.gov\/es\/services\/academy-nominations\/\" class=\"elementor-item\" tabindex=\"-1\">Nominaciones a las academias militares<\/a><\/li>\n<li class=\"menu-item menu-item-type-post_type menu-item-object-page menu-item-1785\"><a href=\"https:\/\/www.ossoff.senate.gov\/es\/services\/special-recognition\/\" class=\"elementor-item\" tabindex=\"-1\">Special Recognitions<\/a><\/li>\n<li class=\"menu-item menu-item-type-post_type menu-item-object-page menu-item-27100\"><a href=\"https:\/\/www.ossoff.senate.gov\/es\/services\/tour-request\/\" class=\"elementor-item\" tabindex=\"-1\">Tour Requests<\/a><\/li>\n<\/ul>\t\t\t<\/nav>\n\t\t\t\t\t\t<\/div>\n\t\t\t\t<\/div>\n\t\t\t\t\t<\/div>\n\t\t<\/div>\n\t\t\t\t\t<\/div>\n\t\t<\/section>\n\t\t\t\t<section class=\"elementor-section elementor-top-section elementor-element elementor-element-18442883 elementor-section-boxed elementor-section-height-default elementor-section-height-default\" data-id=\"18442883\" data-element_type=\"section\">\n\t\t\t\t\t\t<div class=\"elementor-container elementor-column-gap-default\">\n\t\t\t\t\t<div class=\"elementor-column elementor-col-100 elementor-top-column elementor-element elementor-element-4683daf0\" data-id=\"4683daf0\" data-element_type=\"column\">\n\t\t\t<div class=\"elementor-widget-wrap elementor-element-populated\">\n\t\t\t\t\t\t<div class=\"elementor-element elementor-element-4516d2f2 elementor-widget elementor-widget-heading\" data-id=\"4516d2f2\" data-element_type=\"widget\" data-widget_type=\"heading.default\">\n\t\t\t\t<div class=\"elementor-widget-container\">\n\t\t\t\t\t<h2 class=\"elementor-heading-title elementor-size-default\">Request a Special Recognition from Senator Ossoff<\/h2>\t\t\t\t<\/div>\n\t\t\t\t<\/div>\n\t\t\t\t<div class=\"elementor-element elementor-element-5fd07cfc elementor-widget elementor-widget-text-editor\" data-id=\"5fd07cfc\" data-element_type=\"widget\" data-widget_type=\"text-editor.default\">\n\t\t\t\t<div class=\"elementor-widget-container\">\n\t\t\t\t\t\t\t\t\t<p class=\"p1\">For Georgians with outstanding achievements or who have received honors for their work or accomplishments, Senator Ossoff can send letters or certificates of recognition.\u00a0<span style=\"color: var( --e-global-color-text ); font-family: var( --e-global-typography-text-font-family ), Sans-serif; font-size: var( --e-global-typography-text-font-size );\">You can nominate someone for special recognition by Senator Ossoff using the form below.<\/span><\/p>\t\t\t\t\t\t\t\t<\/div>\n\t\t\t\t<\/div>\n\t\t\t\t\t<\/div>\n\t\t<\/div>\n\t\t\t\t\t<\/div>\n\t\t<\/section>\n\t\t\t\t<section class=\"elementor-section elementor-top-section elementor-element elementor-element-2b3cbd8d elementor-section-boxed elementor-section-height-default elementor-section-height-default\" data-id=\"2b3cbd8d\" data-element_type=\"section\" data-settings=\"{&quot;background_background&quot;:&quot;classic&quot;}\">\n\t\t\t\t\t\t<div class=\"elementor-container elementor-column-gap-default\">\n\t\t\t\t\t<div class=\"elementor-column elementor-col-100 elementor-top-column elementor-element elementor-element-1b2b84c2\" data-id=\"1b2b84c2\" data-element_type=\"column\">\n\t\t\t<div class=\"elementor-widget-wrap elementor-element-populated\">\n\t\t\t\t\t\t<div class=\"elementor-element elementor-element-3d61f36b elementor-widget__width-initial elementor-widget elementor-widget-spacer\" data-id=\"3d61f36b\" data-element_type=\"widget\" data-widget_type=\"spacer.default\">\n\t\t\t\t<div class=\"elementor-widget-container\">\n\t\t\t\t\t\t\t<div class=\"elementor-spacer\">\n\t\t\t<div class=\"elementor-spacer-inner\"><\/div>\n\t\t<\/div>\n\t\t\t\t\t\t<\/div>\n\t\t\t\t<\/div>\n\t\t\t\t<div class=\"elementor-element elementor-element-1ba1499 elementor-widget elementor-widget-heading\" data-id=\"1ba1499\" data-element_type=\"widget\" data-widget_type=\"heading.default\">\n\t\t\t\t<div class=\"elementor-widget-container\">\n\t\t\t\t\t<h2 class=\"elementor-heading-title elementor-size-default\">Formulario para reconocimiento especial<\/h2>\t\t\t\t<\/div>\n\t\t\t\t<\/div>\n\t\t\t\t<div class=\"elementor-element elementor-element-4b212653 elementor-button-align-stretch elementor-widget elementor-widget-form\" data-id=\"4b212653\" data-element_type=\"widget\" data-settings=\"{&quot;step_next_label&quot;:&quot;Next&quot;,&quot;step_previous_label&quot;:&quot;Previous&quot;,&quot;button_width&quot;:&quot;100&quot;,&quot;step_type&quot;:&quot;number_text&quot;,&quot;step_icon_shape&quot;:&quot;circle&quot;}\" data-widget_type=\"form.default\">\n\t\t\t\t<div class=\"elementor-widget-container\">\n\t\t\t\t\t\t\t<form class=\"elementor-form\" method=\"post\" name=\"Special Recognition\" action=\"\">\n\t\t\t<input type=\"hidden\" name=\"post_id\" value=\"1759\"\/>\n\t\t\t<input type=\"hidden\" name=\"form_id\" value=\"4b212653\"\/>\n\t\t\t<input type=\"hidden\" name=\"referer_title\" value=\"\" \/>\n\n\t\t\t\n\t\t\t<div class=\"elementor-form-fields-wrapper elementor-labels-above\">\n\t\t\t\t\t\t\t\t<div class=\"elementor-field-type-text elementor-field-group elementor-column elementor-field-group-field_ip elementor-col-100\">\n\t\t\t\t\t\t\t\t\t\t\t\t<label for=\"form-field-field_ip\" class=\"elementor-field-label\">\n\t\t\t\t\t\t\t\tIP\t\t\t\t\t\t\t<\/label>\n\t\t\t\t\t\t\t\t\t\t\t\t\t\t<input size=\"1\" type=\"text\" name=\"form_fields[field_ip]\" id=\"form-field-field_ip\" class=\"elementor-field elementor-size-sm  elementor-field-textual\">\n\t\t\t\t\t\t\t\t\t\t\t<\/div>\n\t\t\t\t\t\t\t\t<div class=\"elementor-field-type-text elementor-field-group elementor-column elementor-field-group-first_name elementor-col-50 elementor-field-required elementor-mark-required\">\n\t\t\t\t\t\t\t\t\t\t\t\t<label for=\"form-field-first_name\" class=\"elementor-field-label\">\n\t\t\t\t\t\t\t\tFirst name of person being recognized\t\t\t\t\t\t\t<\/label>\n\t\t\t\t\t\t\t\t\t\t\t\t\t\t<input size=\"1\" type=\"text\" name=\"form_fields[first_name]\" id=\"form-field-first_name\" class=\"elementor-field elementor-size-sm  elementor-field-textual\" required=\"required\">\n\t\t\t\t\t\t\t\t\t\t\t<\/div>\n\t\t\t\t\t\t\t\t<div class=\"elementor-field-type-text elementor-field-group elementor-column elementor-field-group-last_name elementor-col-50 elementor-field-required elementor-mark-required\">\n\t\t\t\t\t\t\t\t\t\t\t\t<label for=\"form-field-last_name\" class=\"elementor-field-label\">\n\t\t\t\t\t\t\t\tLast name of person being recognized\t\t\t\t\t\t\t<\/label>\n\t\t\t\t\t\t\t\t\t\t\t\t\t\t<input size=\"1\" type=\"text\" name=\"form_fields[last_name]\" id=\"form-field-last_name\" class=\"elementor-field elementor-size-sm  elementor-field-textual\" required=\"required\">\n\t\t\t\t\t\t\t\t\t\t\t<\/div>\n\t\t\t\t\t\t\t\t<div class=\"elementor-field-type-textarea elementor-field-group elementor-column elementor-field-group-address elementor-col-100 elementor-field-required elementor-mark-required\">\n\t\t\t\t\t\t\t\t\t\t\t\t<label for=\"form-field-address\" class=\"elementor-field-label\">\n\t\t\t\t\t\t\t\tStreet address to which recognition should be sent\t\t\t\t\t\t\t<\/label>\n\t\t\t\t\t\t<textarea class=\"elementor-field-textual elementor-field  elementor-size-sm\" name=\"form_fields[address]\" id=\"form-field-address\" rows=\"2\" required=\"required\"><\/textarea>\t\t\t\t<\/div>\n\t\t\t\t\t\t\t\t<div class=\"elementor-field-type-text elementor-field-group elementor-column elementor-field-group-field_30b3a43 elementor-col-33 elementor-field-required elementor-mark-required\">\n\t\t\t\t\t\t\t\t\t\t\t\t<label for=\"form-field-field_30b3a43\" class=\"elementor-field-label\">\n\t\t\t\t\t\t\t\tCiudad\t\t\t\t\t\t\t<\/label>\n\t\t\t\t\t\t\t\t\t\t\t\t\t\t<input size=\"1\" type=\"text\" name=\"form_fields[field_30b3a43]\" id=\"form-field-field_30b3a43\" class=\"elementor-field elementor-size-sm  elementor-field-textual\" required=\"required\">\n\t\t\t\t\t\t\t\t\t\t\t<\/div>\n\t\t\t\t\t\t\t\t<div class=\"elementor-field-type-select elementor-field-group elementor-column elementor-field-group-state elementor-col-33 elementor-field-required elementor-mark-required\">\n\t\t\t\t\t\t\t\t\t\t\t\t<label for=\"form-field-state\" class=\"elementor-field-label\">\n\t\t\t\t\t\t\t\tEstado\t\t\t\t\t\t\t<\/label>\n\t\t\t\t\t\t\t\t<div class=\"elementor-field elementor-select-wrapper remove-before\">\n\t\t\t<div class=\"select-caret-down-wrapper\">\n\t\t\t\t<i aria-hidden=\"true\" class=\"eicon-caret-down\"><\/i>\t\t\t<\/div>\n\t\t\t<select name=\"form_fields[state]\" id=\"form-field-state\" class=\"elementor-field-textual elementor-size-sm\" required=\"required\">\n\t\t\t\t\t\t\t\t\t<option value=\"Georgia\" selected=\"selected\">Georgia<\/option>\n\t\t\t\t\t\t\t\t\t<option value=\"Alabama\">Alabama<\/option>\n\t\t\t\t\t\t\t\t\t<option value=\"Alaska\">Alaska<\/option>\n\t\t\t\t\t\t\t\t\t<option value=\"Arizona\">Arizona<\/option>\n\t\t\t\t\t\t\t\t\t<option value=\"Arkansas\">Arkansas<\/option>\n\t\t\t\t\t\t\t\t\t<option value=\"California\">California<\/option>\n\t\t\t\t\t\t\t\t\t<option value=\"Colorado\">Colorado<\/option>\n\t\t\t\t\t\t\t\t\t<option value=\"Connecticut\">Connecticut<\/option>\n\t\t\t\t\t\t\t\t\t<option value=\"Delaware\">Delaware<\/option>\n\t\t\t\t\t\t\t\t\t<option value=\"Florida\">Florida<\/option>\n\t\t\t\t\t\t\t\t\t<option value=\"Hawaii\">Hawaii<\/option>\n\t\t\t\t\t\t\t\t\t<option value=\"Idaho\">Idaho<\/option>\n\t\t\t\t\t\t\t\t\t<option value=\"Illinois\">Illinois<\/option>\n\t\t\t\t\t\t\t\t\t<option value=\"Indiana\">Indiana<\/option>\n\t\t\t\t\t\t\t\t\t<option value=\"Iowa\">Iowa<\/option>\n\t\t\t\t\t\t\t\t\t<option value=\"Kansas\">Kansas<\/option>\n\t\t\t\t\t\t\t\t\t<option value=\"Kentucky\">Kentucky<\/option>\n\t\t\t\t\t\t\t\t\t<option value=\"Louisiana\">Louisiana<\/option>\n\t\t\t\t\t\t\t\t\t<option value=\"Maine\">Maine<\/option>\n\t\t\t\t\t\t\t\t\t<option value=\"Maryland\">Maryland<\/option>\n\t\t\t\t\t\t\t\t\t<option value=\"Massachusetts\">Massachusetts<\/option>\n\t\t\t\t\t\t\t\t\t<option value=\"Michigan\">Michigan<\/option>\n\t\t\t\t\t\t\t\t\t<option value=\"Minnesota\">Minnesota<\/option>\n\t\t\t\t\t\t\t\t\t<option value=\"Mississippi\">Mississippi<\/option>\n\t\t\t\t\t\t\t\t\t<option value=\"Missouri\">Missouri<\/option>\n\t\t\t\t\t\t\t\t\t<option value=\"Montana\">Montana<\/option>\n\t\t\t\t\t\t\t\t\t<option value=\"Nebraska\">Nebraska<\/option>\n\t\t\t\t\t\t\t\t\t<option value=\"Nevada\">Nevada<\/option>\n\t\t\t\t\t\t\t\t\t<option value=\"New Hampshire\">New Hampshire<\/option>\n\t\t\t\t\t\t\t\t\t<option value=\"New Jersey\">New Jersey<\/option>\n\t\t\t\t\t\t\t\t\t<option value=\"New Mexico\">New Mexico<\/option>\n\t\t\t\t\t\t\t\t\t<option value=\"New York\">New York<\/option>\n\t\t\t\t\t\t\t\t\t<option value=\"North Carolina\">North Carolina<\/option>\n\t\t\t\t\t\t\t\t\t<option value=\"North Dakota\">North Dakota<\/option>\n\t\t\t\t\t\t\t\t\t<option value=\"Ohio\">Ohio<\/option>\n\t\t\t\t\t\t\t\t\t<option value=\"Oklahoma\">Oklahoma<\/option>\n\t\t\t\t\t\t\t\t\t<option value=\"Oregon\">Oregon<\/option>\n\t\t\t\t\t\t\t\t\t<option value=\"Pennsylvania\">Pennsylvania<\/option>\n\t\t\t\t\t\t\t\t\t<option value=\"Rhode Island\">Rhode Island<\/option>\n\t\t\t\t\t\t\t\t\t<option value=\"South Carolina\">South Carolina<\/option>\n\t\t\t\t\t\t\t\t\t<option value=\"South Dakota\">South Dakota<\/option>\n\t\t\t\t\t\t\t\t\t<option value=\"Tennessee\">Tennessee<\/option>\n\t\t\t\t\t\t\t\t\t<option value=\"Texas\">Texas<\/option>\n\t\t\t\t\t\t\t\t\t<option value=\"Utah\">Utah<\/option>\n\t\t\t\t\t\t\t\t\t<option value=\"Vermont\">Vermont<\/option>\n\t\t\t\t\t\t\t\t\t<option value=\"Virginia\">Virginia<\/option>\n\t\t\t\t\t\t\t\t\t<option value=\"Washington\">Washington<\/option>\n\t\t\t\t\t\t\t\t\t<option value=\"West Virginia\">West Virginia<\/option>\n\t\t\t\t\t\t\t\t\t<option value=\"Wisconsin\">Wisconsin<\/option>\n\t\t\t\t\t\t\t\t\t<option value=\"Wyoming\">Wyoming<\/option>\n\t\t\t\t\t\t\t<\/select>\n\t\t<\/div>\n\t\t\t\t\t\t<\/div>\n\t\t\t\t\t\t\t\t<div class=\"elementor-field-type-text elementor-field-group elementor-column elementor-field-group-zip elementor-col-33 elementor-field-required elementor-mark-required\">\n\t\t\t\t\t\t\t\t\t\t\t\t<label for=\"form-field-zip\" class=\"elementor-field-label\">\n\t\t\t\t\t\t\t\tZIP code\t\t\t\t\t\t\t<\/label>\n\t\t\t\t\t\t\t\t\t\t\t\t\t\t<input size=\"1\" type=\"text\" name=\"form_fields[zip]\" id=\"form-field-zip\" class=\"elementor-field elementor-size-sm  elementor-field-textual\" required=\"required\">\n\t\t\t\t\t\t\t\t\t\t\t<\/div>\n\t\t\t\t\t\t\t\t<div class=\"elementor-field-type-textarea elementor-field-group elementor-column elementor-field-group-occasion elementor-col-100 elementor-field-required elementor-mark-required\">\n\t\t\t\t\t\t\t\t\t\t\t\t<label for=\"form-field-occasion\" class=\"elementor-field-label\">\n\t\t\t\t\t\t\t\tCu\u00e9ntenos para qu\u00e9 ocasi\u00f3n est\u00e1 pidiendo un reconocimiento\t\t\t\t\t\t\t<\/label>\n\t\t\t\t\t\t<textarea class=\"elementor-field-textual elementor-field  elementor-size-sm\" name=\"form_fields[occasion]\" id=\"form-field-occasion\" rows=\"5\" placeholder=\"Example: Military Retirement (including rank, branch, years of service, and current assignment), University Graduation, 100th Birthday, Wedding\/Anniversary, Condolence, etc.\" required=\"required\"><\/textarea>\t\t\t\t<\/div>\n\t\t\t\t\t\t\t\t<div class=\"elementor-field-type-date elementor-field-group elementor-column elementor-field-group-date_line elementor-col-100 elementor-field-required elementor-mark-required\">\n\t\t\t\t\t\t\t\t\t\t\t\t<label for=\"form-field-date_line\" class=\"elementor-field-label\">\n\t\t\t\t\t\t\t\tWhat date will the recognition be presented?\t\t\t\t\t\t\t<\/label>\n\t\t\t\t\t\t\n\t\t<input type=\"date\" name=\"form_fields[date_line]\" id=\"form-field-date_line\" class=\"elementor-field elementor-size-sm  elementor-field-textual elementor-date-field elementor-use-native\" required=\"required\" pattern=\"[0-9]{4}-[0-9]{2}-[0-9]{2}\" max=\"9999-07-31\">\n\t\t\t\t\t\t<\/div>\n\t\t\t\t\t\t\t\t<div class=\"elementor-field-type-date elementor-field-group elementor-column elementor-field-group-deadline elementor-col-100\">\n\t\t\t\t\t\t\t\t\t\t\t\t<label for=\"form-field-deadline\" class=\"elementor-field-label\">\n\t\t\t\t\t\t\t\t(If different) By when do you need to receive the recognition?\t\t\t\t\t\t\t<\/label>\n\t\t\t\t\t\t\n\t\t<input type=\"date\" name=\"form_fields[deadline]\" id=\"form-field-deadline\" class=\"elementor-field elementor-size-sm  elementor-field-textual elementor-date-field elementor-use-native\" pattern=\"[0-9]{4}-[0-9]{2}-[0-9]{2}\" max=\"9999-07-31\">\n\t\t\t\t\t\t<\/div>\n\t\t\t\t\t\t\t\t<div class=\"elementor-field-type-text elementor-field-group elementor-column elementor-field-group-yourname elementor-col-100 elementor-field-required elementor-mark-required\">\n\t\t\t\t\t\t\t\t\t\t\t\t<label for=\"form-field-yourname\" class=\"elementor-field-label\">\n\t\t\t\t\t\t\t\tYour name [First Last]\t\t\t\t\t\t\t<\/label>\n\t\t\t\t\t\t\t\t\t\t\t\t\t\t<input size=\"1\" type=\"text\" name=\"form_fields[yourname]\" id=\"form-field-yourname\" class=\"elementor-field elementor-size-sm  elementor-field-textual\" required=\"required\">\n\t\t\t\t\t\t\t\t\t\t\t<\/div>\n\t\t\t\t\t\t\t\t<div class=\"elementor-field-type-email elementor-field-group elementor-column elementor-field-group-youremail elementor-col-50 elementor-field-required elementor-mark-required\">\n\t\t\t\t\t\t\t\t\t\t\t\t<label for=\"form-field-youremail\" class=\"elementor-field-label\">\n\t\t\t\t\t\t\t\tYour email address\t\t\t\t\t\t\t<\/label>\n\t\t\t\t\t\t\t\t\t\t\t\t\t\t<input size=\"1\" type=\"email\" name=\"form_fields[youremail]\" id=\"form-field-youremail\" class=\"elementor-field elementor-size-sm  elementor-field-textual\" required=\"required\">\n\t\t\t\t\t\t\t\t\t\t\t<\/div>\n\t\t\t\t\t\t\t\t<div class=\"elementor-field-type-text elementor-field-group elementor-column elementor-field-group-yourphone elementor-col-50 elementor-field-required elementor-mark-required\">\n\t\t\t\t\t\t\t\t\t\t\t\t<label for=\"form-field-yourphone\" class=\"elementor-field-label\">\n\t\t\t\t\t\t\t\tYour phone number\t\t\t\t\t\t\t<\/label>\n\t\t\t\t\t\t\t\t\t\t\t\t\t\t<input size=\"1\" type=\"text\" name=\"form_fields[yourphone]\" id=\"form-field-yourphone\" class=\"elementor-field elementor-size-sm  elementor-field-textual\" required=\"required\">\n\t\t\t\t\t\t\t\t\t\t\t<\/div>\n\t\t\t\t\t\t\t\t<div class=\"elementor-field-type-text\">\n\t\t\t\t\t<input size=\"1\" type=\"text\" name=\"form_fields[field_97ff53b]\" id=\"form-field-field_97ff53b\" class=\"elementor-field elementor-size-sm\" style=\"display:none !important;\">\t\t\t\t<\/div>\n\t\t\t\t\t\t\t\t<div class=\"elementor-field-group elementor-column elementor-field-type-submit elementor-col-100 e-form__buttons\">\n\t\t\t\t\t<button class=\"elementor-button elementor-size-sm\" type=\"submit\">\n\t\t\t\t\t\t<span class=\"elementor-button-content-wrapper\">\n\t\t\t\t\t\t\t\t\t\t\t\t\t\t\t<span class=\"elementor-button-icon\">\n\t\t\t\t\t\t\t\t\t<i aria-hidden=\"true\" class=\"fas fa-long-arrow-alt-right\"><\/i>\t\t\t\t\t\t\t\t\t\t\t\t\t\t\t\t\t<\/span>\n\t\t\t\t\t\t\t\t\t\t\t\t\t\t\t\t\t\t\t\t\t\t<span class=\"elementor-button-text\">Enviar<\/span>\n\t\t\t\t\t\t\t\t\t\t\t\t\t<\/span>\n\t\t\t\t\t<\/button>\n\t\t\t\t<\/div>\n\t\t\t<\/div>\n\t\t<input type=\"hidden\" name=\"trp-form-language\" value=\"es\"\/><\/form>\n\t\t\t\t\t\t<\/div>\n\t\t\t\t<\/div>\n\t\t\t\t<div class=\"elementor-element elementor-element-7a1a24a elementor-widget elementor-widget-html\" data-id=\"7a1a24a\" data-element_type=\"widget\" data-widget_type=\"html.default\">\n\t\t\t\t<div class=\"elementor-widget-container\">\n\t\t\t\t\t<script type=\"text\/javascript\">\n    var occasion = document.getElementById('form-field-field_occasion');\n    occasion.setAttribute('maxlength', '1000');\n    appendTooltip(occasion);\n<\/script>\n<script type=\"text\/javascript\">\n    jQuery( document ).ready(function( $ ){\n    \t$.getJSON('https:\/\/api.ipify.org?format=json', function(data) {\n    \t\tdocument.getElementById('form-field-field_ip').value = data.ip;\n    \t});\n    });\n<\/script>\t\t\t\t<\/div>\n\t\t\t\t<\/div>\n\t\t\t\t\t<\/div>\n\t\t<\/div>\n\t\t\t\t\t<\/div>\n\t\t<\/section>\n\t\t\t\t<\/div>","protected":false},"excerpt":{"rendered":"<p>Request a Special Recognition from Senator Ossoff For Georgians with outstanding achievements or who have received honors for their work or accomplishments, Senator Ossoff can send letters or certificates of recognition.\u00a0You can nominate someone for special recognition by Senator Ossoff using the form below. Special Recognition Form<\/p>","protected":false},"author":72,"featured_media":27166,"parent":131,"menu_order":0,"comment_status":"closed","ping_status":"closed","template":"","meta":{"_acf_changed":false,"footnotes":""},"class_list":["post-1759","page","type-page","status-publish","has-post-thumbnail","hentry"],"acf":[],"_links":{"self":[{"href":"https:\/\/www.ossoff.senate.gov\/es\/wp-json\/wp\/v2\/pages\/1759","targetHints":{"allow":["GET"]}}],"collection":[{"href":"https:\/\/www.ossoff.senate.gov\/es\/wp-json\/wp\/v2\/pages"}],"about":[{"href":"https:\/\/www.ossoff.senate.gov\/es\/wp-json\/wp\/v2\/types\/page"}],"author":[{"embeddable":true,"href":"https:\/\/www.ossoff.senate.gov\/es\/wp-json\/wp\/v2\/users\/72"}],"replies":[{"embeddable":true,"href":"https:\/\/www.ossoff.senate.gov\/es\/wp-json\/wp\/v2\/comments?post=1759"}],"version-history":[{"count":194,"href":"https:\/\/www.ossoff.senate.gov\/es\/wp-json\/wp\/v2\/pages\/1759\/revisions"}],"predecessor-version":[{"id":28171,"href":"https:\/\/www.ossoff.senate.gov\/es\/wp-json\/wp\/v2\/pages\/1759\/revisions\/28171"}],"up":[{"embeddable":true,"href":"https:\/\/www.ossoff.senate.gov\/es\/wp-json\/wp\/v2\/pages\/131"}],"wp:featuredmedia":[{"embeddable":true,"href":"https:\/\/www.ossoff.senate.gov\/es\/wp-json\/wp\/v2\/media\/27166"}],"wp:attachment":[{"href":"https:\/\/www.ossoff.senate.gov\/es\/wp-json\/wp\/v2\/media?parent=1759"}],"curies":[{"name":"wp","href":"https:\/\/api.w.org\/{rel}","templated":true}]}}