{"id":135,"date":"2021-06-28T01:55:00","date_gmt":"2021-06-28T01:55:00","guid":{"rendered":"http:\/\/ossoff.testing.senate.gov\/\/?page_id=135"},"modified":"2025-09-05T16:43:23","modified_gmt":"2025-09-05T20:43:23","slug":"about","status":"publish","type":"page","link":"https:\/\/www.ossoff.senate.gov\/es\/about\/","title":{"rendered":"Sobre Jon"},"content":{"rendered":"<div data-elementor-type=\"wp-page\" data-elementor-id=\"135\" class=\"elementor elementor-135\" data-elementor-post-type=\"page\">\n\t\t\t\t\t\t<section class=\"elementor-section elementor-top-section elementor-element elementor-element-37ce7748 elementor-section-height-min-height elementor-section-items-bottom elementor-section-boxed elementor-section-height-default\" data-id=\"37ce7748\" data-element_type=\"section\" data-settings=\"{&quot;background_background&quot;:&quot;classic&quot;}\">\n\t\t\t\t\t\t\t<div class=\"elementor-background-overlay\"><\/div>\n\t\t\t\t\t\t\t<div class=\"elementor-container elementor-column-gap-default\">\n\t\t\t\t\t<div class=\"elementor-column elementor-col-100 elementor-top-column elementor-element elementor-element-25d09772\" data-id=\"25d09772\" data-element_type=\"column\">\n\t\t\t<div class=\"elementor-widget-wrap elementor-element-populated\">\n\t\t\t\t\t\t\t<\/div>\n\t\t<\/div>\n\t\t\t\t\t<\/div>\n\t\t<\/section>\n\t\t\t\t<section class=\"elementor-section elementor-top-section elementor-element elementor-element-697f2f74 elementor-section-boxed elementor-section-height-default elementor-section-height-default\" data-id=\"697f2f74\" data-element_type=\"section\">\n\t\t\t\t\t\t<div class=\"elementor-container elementor-column-gap-default\">\n\t\t\t\t\t<div class=\"elementor-column elementor-col-100 elementor-top-column elementor-element elementor-element-4be3fcf1\" data-id=\"4be3fcf1\" data-element_type=\"column\">\n\t\t\t<div class=\"elementor-widget-wrap elementor-element-populated\">\n\t\t\t\t\t\t<div class=\"elementor-element elementor-element-62a09843 elementor-widget__width-initial elementor-widget elementor-widget-spacer\" data-id=\"62a09843\" data-element_type=\"widget\" data-widget_type=\"spacer.default\">\n\t\t\t\t<div class=\"elementor-widget-container\">\n\t\t\t\t\t\t\t<div class=\"elementor-spacer\">\n\t\t\t<div class=\"elementor-spacer-inner\"><\/div>\n\t\t<\/div>\n\t\t\t\t\t\t<\/div>\n\t\t\t\t<\/div>\n\t\t\t\t<div class=\"elementor-element elementor-element-ca6178a elementor-widget elementor-widget-heading\" data-id=\"ca6178a\" data-element_type=\"widget\" data-widget_type=\"heading.default\">\n\t\t\t\t<div class=\"elementor-widget-container\">\n\t\t\t\t\t<h1 class=\"elementor-heading-title elementor-size-default\">Sobre Jon<\/h1>\t\t\t\t<\/div>\n\t\t\t\t<\/div>\n\t\t\t\t<div class=\"elementor-element elementor-element-3f811045 elementor-widget elementor-widget-text-editor\" data-id=\"3f811045\" data-element_type=\"widget\" data-widget_type=\"text-editor.default\">\n\t\t\t\t<div class=\"elementor-widget-container\">\n\t\t\t\t\t\t\t\t\t<p>Oriundo de Georgia, el senador Jon Ossoff es nuestro senador senior por Georgia en el Senado de los Estados Unidos.<\/p><p>Desde su elecci\u00f3n e incluso en un Congreso divido, el senador Ossoff ha tenido un enfoque bipartidista en el Senado para lograr resultados legislativos significativos para Georgia. En sus primeros dos a\u00f1os en el cargo, el senador Ossoff aprob\u00f3 m\u00e1s proyectos de ley independientes que cualquier otro senador novato.<\/p><p>Sen. Ossoff\u2019s legislative achievements include laws to protect children online; to strengthen public safety; to tackle the opioid epidemic and prevent fentanyl trafficking across the Southern Border; to investigate unsolved lynchings and Civil Rights murders; to strengthen mental health care services for veterans; and to fight corruption and improve security in U.S. prisons.<\/p><p>Sen. Ossoff has led bipartisan investigations that exposed the mistreatment of military families living in privatized housing; corruption in Federal prisons; the sexual assault of female inmates; the medical mistreatment of women in Federal detention; and the abuse of children in foster care.<\/p><p>El senador Ossoff ha mejorado y fortalecido las instalaciones de atenci\u00f3n m\u00e9dica en Georgia pues ayud\u00f3 aprobar una ley que limit\u00f3 el costo de la insulina a $35 para los adultos mayores al mes y aprob\u00f3 una legislaci\u00f3n bipartidista para proteger a nuestros ni\u00f1os de la explotaci\u00f3n en l\u00ednea.<\/p><p>El senador Ossoff tambi\u00e9n ha defendido incansablemente el desarrollo econ\u00f3mico de Georgia, promulgando leyes que han atra\u00eddo miles de puestos de trabajo de fabricaci\u00f3n avanzada para los georgianos y miles de millones de d\u00f3lares en inversiones al estado.<\/p><p>A trav\u00e9s de la hist\u00f3rica ley de infraestructura bipartidista, el senador Ossoff trajo a Georgia una expansi\u00f3n sin precedentes del acceso a Internet de banda ancha; mejor\u00f3 los puertos, aeropuertos, carreteras, puentes y la infraestructura de agua en todo el estado; e invirti\u00f3 en la resiliencia de la costa de Georgia para ayudar a las comunidades locales a prepararse para las marejadas cicl\u00f3nicas, las inundaciones costeras y las tormentas tropicales.<\/p><p>Enfocado en mejorar las vidas de los veteranos, miembros del servicio y familias militares de Georgia, el senador Ossoff aprob\u00f3 una legislaci\u00f3n bipartidista para ampliar el acceso de los veteranos a la atenci\u00f3n de la salud mental y mejorar los centros de desarrollo infantil para familias militares y los cuarteles para el personal prestando servicio militar. Tambi\u00e9n defendi\u00f3 la aprobaci\u00f3n de una legislaci\u00f3n hist\u00f3rica para fortalecer la atenci\u00f3n m\u00e9dica de VA para los veteranos de las guerras en Irak y Afganist\u00e1n.<\/p><p>Guiado por la leyenda de los derechos civiles, el congresista John Lewis, el senador Ossoff anteriormente estuvo a cargo de una peque\u00f1a empresa que produc\u00eda materiales de periodismo de investigativo que expon\u00eda los cr\u00edmenes de guerra, la corrupci\u00f3n p\u00fablica, la trata de personas y el crimen organizado.<\/p><p>Sen. Ossoff lives with his wife, Dr. Alisha Kramer, and two daughters in Atlanta.<\/p>\t\t\t\t\t\t\t\t<\/div>\n\t\t\t\t<\/div>\n\t\t\t\t<div class=\"elementor-element elementor-element-610bd4f elementor-align-center elementor-widget elementor-widget-button\" data-id=\"610bd4f\" data-element_type=\"widget\" data-widget_type=\"button.default\">\n\t\t\t\t<div class=\"elementor-widget-container\">\n\t\t\t\t\t\t\t\t\t<div class=\"elementor-button-wrapper\">\n\t\t\t\t\t<a class=\"elementor-button elementor-button-link elementor-size-sm\" href=\"https:\/\/www.ossoff.senate.gov\/wp-content\/uploads\/2025\/09\/Sen.-Ossoff-Official-Portrait-scaled.jpg\" target=\"_blank\">\n\t\t\t\t\t\t<span class=\"elementor-button-content-wrapper\">\n\t\t\t\t\t\t<span class=\"elementor-button-icon\">\n\t\t\t\t<i aria-hidden=\"true\" class=\"fas fa-photo-video\"><\/i>\t\t\t<\/span>\n\t\t\t\t\t\t\t\t\t<span class=\"elementor-button-text\">Download Sen. Ossoff's official portrait<\/span>\n\t\t\t\t\t<\/span>\n\t\t\t\t\t<\/a>\n\t\t\t\t<\/div>\n\t\t\t\t\t\t\t\t<\/div>\n\t\t\t\t<\/div>\n\t\t\t\t\t<\/div>\n\t\t<\/div>\n\t\t\t\t\t<\/div>\n\t\t<\/section>\n\t\t\t\t<section class=\"elementor-section elementor-top-section elementor-element elementor-element-6194ba4a elementor-section-boxed elementor-section-height-default elementor-section-height-default\" data-id=\"6194ba4a\" data-element_type=\"section\" data-settings=\"{&quot;background_background&quot;:&quot;classic&quot;}\">\n\t\t\t\t\t\t<div class=\"elementor-container elementor-column-gap-default\">\n\t\t\t\t\t<div class=\"elementor-column elementor-col-100 elementor-top-column elementor-element elementor-element-5f61df6d\" data-id=\"5f61df6d\" data-element_type=\"column\">\n\t\t\t<div class=\"elementor-widget-wrap elementor-element-populated\">\n\t\t\t\t\t\t<div class=\"elementor-element elementor-element-c4080e1 elementor-widget elementor-widget-html\" data-id=\"c4080e1\" data-element_type=\"widget\" data-widget_type=\"html.default\">\n\t\t\t\t<div class=\"elementor-widget-container\">\n\t\t\t\t\t<a name=\"record\"><\/a>\t\t\t\t<\/div>\n\t\t\t\t<\/div>\n\t\t\t\t<div class=\"elementor-element elementor-element-477b885e elementor-widget__width-initial elementor-widget elementor-widget-spacer\" data-id=\"477b885e\" data-element_type=\"widget\" data-widget_type=\"spacer.default\">\n\t\t\t\t<div class=\"elementor-widget-container\">\n\t\t\t\t\t\t\t<div class=\"elementor-spacer\">\n\t\t\t<div class=\"elementor-spacer-inner\"><\/div>\n\t\t<\/div>\n\t\t\t\t\t\t<\/div>\n\t\t\t\t<\/div>\n\t\t\t\t<div class=\"elementor-element elementor-element-6692de15 elementor-widget elementor-widget-heading\" data-id=\"6692de15\" data-element_type=\"widget\" data-widget_type=\"heading.default\">\n\t\t\t\t<div class=\"elementor-widget-container\">\n\t\t\t\t\t<h2 class=\"elementor-heading-title elementor-size-default\">Legislaci\u00f3n e historial de votaci\u00f3n<\/h2>\t\t\t\t<\/div>\n\t\t\t\t<\/div>\n\t\t\t\t\t<\/div>\n\t\t<\/div>\n\t\t\t\t\t<\/div>\n\t\t<\/section>\n\t\t\t\t<section class=\"elementor-section elementor-top-section elementor-element elementor-element-366c94e2 elementor-section-boxed elementor-section-height-default elementor-section-height-default\" data-id=\"366c94e2\" data-element_type=\"section\" data-settings=\"{&quot;background_background&quot;:&quot;classic&quot;}\">\n\t\t\t\t\t\t<div class=\"elementor-container elementor-column-gap-default\">\n\t\t\t\t\t<div class=\"elementor-column elementor-col-33 elementor-top-column elementor-element elementor-element-49c940e5\" data-id=\"49c940e5\" data-element_type=\"column\">\n\t\t\t<div class=\"elementor-widget-wrap elementor-element-populated\">\n\t\t\t\t\t\t<div class=\"elementor-element elementor-element-a6b0af5 elementor-position-top elementor-widget elementor-widget-image-box\" data-id=\"a6b0af5\" data-element_type=\"widget\" data-widget_type=\"image-box.default\">\n\t\t\t\t<div class=\"elementor-widget-container\">\n\t\t\t\t\t<div class=\"elementor-image-box-wrapper\"><figure class=\"elementor-image-box-img\"><a href=\"https:\/\/www.congress.gov\/member\/jon-ossoff\/O000174?q=%7B%22sponsorship%22%3A%22sponsored%22%7D\" target=\"_blank\" rel=\"nofollow\" tabindex=\"-1\"><img fetchpriority=\"high\" decoding=\"async\" width=\"800\" height=\"534\" src=\"https:\/\/www.ossoff.senate.gov\/wp-content\/uploads\/2021\/06\/IMG_2901-1024x683.jpg\" class=\"attachment-large size-large wp-image-101\" alt=\"Senator Ossoff speaking at a podium at the Latin American Association in Atlanta with members of the organization beside him.\" srcset=\"https:\/\/www.ossoff.senate.gov\/wp-content\/uploads\/2021\/06\/IMG_2901-1024x683.jpg 1024w, https:\/\/www.ossoff.senate.gov\/wp-content\/uploads\/2021\/06\/IMG_2901-300x200.jpg 300w, https:\/\/www.ossoff.senate.gov\/wp-content\/uploads\/2021\/06\/IMG_2901-768x512.jpg 768w, https:\/\/www.ossoff.senate.gov\/wp-content\/uploads\/2021\/06\/IMG_2901-1536x1024.jpg 1536w, https:\/\/www.ossoff.senate.gov\/wp-content\/uploads\/2021\/06\/IMG_2901-2048x1365.jpg 2048w\" sizes=\"(max-width: 800px) 100vw, 800px\" \/><\/a><\/figure><div class=\"elementor-image-box-content\"><h3 class=\"elementor-image-box-title\"><a href=\"https:\/\/www.congress.gov\/member\/jon-ossoff\/O000174?q=%7B%22sponsorship%22%3A%22sponsored%22%7D\" target=\"_blank\" rel=\"nofollow\">Legislaci\u00f3n impulsada por el senador<\/a><\/h3><p class=\"elementor-image-box-description\">Vea la legislaci\u00f3n impulsada por el senador Ossoff en Congress.gov.<\/p><\/div><\/div>\t\t\t\t<\/div>\n\t\t\t\t<\/div>\n\t\t\t\t\t<\/div>\n\t\t<\/div>\n\t\t\t\t<div class=\"elementor-column elementor-col-33 elementor-top-column elementor-element elementor-element-78a0f22c\" data-id=\"78a0f22c\" data-element_type=\"column\">\n\t\t\t<div class=\"elementor-widget-wrap elementor-element-populated\">\n\t\t\t\t\t\t<div class=\"elementor-element elementor-element-bdc3dce elementor-position-top elementor-widget elementor-widget-image-box\" data-id=\"bdc3dce\" data-element_type=\"widget\" data-widget_type=\"image-box.default\">\n\t\t\t\t<div class=\"elementor-widget-container\">\n\t\t\t\t\t<div class=\"elementor-image-box-wrapper\"><figure class=\"elementor-image-box-img\"><a href=\"https:\/\/www.congress.gov\/member\/jon-ossoff\/O000174?q=%7B%22sponsorship%22%3A%22cosponsored%22%7D\" target=\"_blank\" rel=\"nofollow\" tabindex=\"-1\"><img decoding=\"async\" width=\"800\" height=\"534\" src=\"https:\/\/www.ossoff.senate.gov\/wp-content\/uploads\/2021\/06\/Committee_Hearing2-1024x683.jpg\" class=\"attachment-large size-large wp-image-100\" alt=\"Senator Ossoff asking a question of Attorney General nominee Merrick Garland at his confirmation hearing.\" srcset=\"https:\/\/www.ossoff.senate.gov\/wp-content\/uploads\/2021\/06\/Committee_Hearing2-1024x683.jpg 1024w, https:\/\/www.ossoff.senate.gov\/wp-content\/uploads\/2021\/06\/Committee_Hearing2-300x200.jpg 300w, https:\/\/www.ossoff.senate.gov\/wp-content\/uploads\/2021\/06\/Committee_Hearing2-768x512.jpg 768w, https:\/\/www.ossoff.senate.gov\/wp-content\/uploads\/2021\/06\/Committee_Hearing2-1536x1024.jpg 1536w, https:\/\/www.ossoff.senate.gov\/wp-content\/uploads\/2021\/06\/Committee_Hearing2-2048x1365.jpg 2048w\" sizes=\"(max-width: 800px) 100vw, 800px\" \/><\/a><\/figure><div class=\"elementor-image-box-content\"><h3 class=\"elementor-image-box-title\"><a href=\"https:\/\/www.congress.gov\/member\/jon-ossoff\/O000174?q=%7B%22sponsorship%22%3A%22cosponsored%22%7D\" target=\"_blank\" rel=\"nofollow\">Legislaci\u00f3n copatrocinada<\/a><\/h3><p class=\"elementor-image-box-description\">Vea la legislaci\u00f3n copatrocinada por el senador Ossoff en Congress.gov.<\/p><\/div><\/div>\t\t\t\t<\/div>\n\t\t\t\t<\/div>\n\t\t\t\t\t<\/div>\n\t\t<\/div>\n\t\t\t\t<div class=\"elementor-column elementor-col-33 elementor-top-column elementor-element elementor-element-fcd10b0\" data-id=\"fcd10b0\" data-element_type=\"column\">\n\t\t\t<div class=\"elementor-widget-wrap elementor-element-populated\">\n\t\t\t\t\t\t<div class=\"elementor-element elementor-element-17b3d1a elementor-position-top elementor-widget elementor-widget-image-box\" data-id=\"17b3d1a\" data-element_type=\"widget\" data-widget_type=\"image-box.default\">\n\t\t\t\t<div class=\"elementor-widget-container\">\n\t\t\t\t\t<div class=\"elementor-image-box-wrapper\"><figure class=\"elementor-image-box-img\"><a href=\"https:\/\/www.senate.gov\/legislative\/votes_new.htm\" target=\"_blank\" rel=\"nofollow\" tabindex=\"-1\"><img decoding=\"async\" width=\"800\" height=\"534\" src=\"https:\/\/www.ossoff.senate.gov\/wp-content\/uploads\/2021\/06\/20210522_SecVilsack_FortValley_5018-1024x683.jpg\" class=\"attachment-large size-large wp-image-66\" alt=\"Senator Ossoff shaking hands with a farmer while two others look on outside in Fort Valley, Georgia.\" srcset=\"https:\/\/www.ossoff.senate.gov\/wp-content\/uploads\/2021\/06\/20210522_SecVilsack_FortValley_5018-1024x683.jpg 1024w, https:\/\/www.ossoff.senate.gov\/wp-content\/uploads\/2021\/06\/20210522_SecVilsack_FortValley_5018-300x200.jpg 300w, https:\/\/www.ossoff.senate.gov\/wp-content\/uploads\/2021\/06\/20210522_SecVilsack_FortValley_5018-768x512.jpg 768w, https:\/\/www.ossoff.senate.gov\/wp-content\/uploads\/2021\/06\/20210522_SecVilsack_FortValley_5018-1536x1024.jpg 1536w, https:\/\/www.ossoff.senate.gov\/wp-content\/uploads\/2021\/06\/20210522_SecVilsack_FortValley_5018-2048x1365.jpg 2048w\" sizes=\"(max-width: 800px) 100vw, 800px\" \/><\/a><\/figure><div class=\"elementor-image-box-content\"><h3 class=\"elementor-image-box-title\"><a href=\"https:\/\/www.senate.gov\/legislative\/votes_new.htm\" target=\"_blank\" rel=\"nofollow\">Historial<br \/>de votaci\u00f3n<\/a><\/h3><p class=\"elementor-image-box-description\">Vea el historial de votaci\u00f3n del senador Ossoff en Senate.gov.<\/p><\/div><\/div>\t\t\t\t<\/div>\n\t\t\t\t<\/div>\n\t\t\t\t\t<\/div>\n\t\t<\/div>\n\t\t\t\t\t<\/div>\n\t\t<\/section>\n\t\t\t\t<\/div>","protected":false},"excerpt":{"rendered":"<p>About Jon Born and raised in Georgia, Senator Jon Ossoff serves as our Senior United States Senator. Since his election, Sen. Ossoff has built bipartisanship in the Senate to achieve meaningful legislative results for Georgia \u2014 even in a divided Congress. In his first two years in office, Sen. Ossoff passed into law more standalone [&hellip;]<\/p>","protected":false},"author":2,"featured_media":0,"parent":0,"menu_order":0,"comment_status":"closed","ping_status":"closed","template":"","meta":{"_acf_changed":false,"footnotes":""},"class_list":["post-135","page","type-page","status-publish","hentry"],"acf":[],"_links":{"self":[{"href":"https:\/\/www.ossoff.senate.gov\/es\/wp-json\/wp\/v2\/pages\/135","targetHints":{"allow":["GET"]}}],"collection":[{"href":"https:\/\/www.ossoff.senate.gov\/es\/wp-json\/wp\/v2\/pages"}],"about":[{"href":"https:\/\/www.ossoff.senate.gov\/es\/wp-json\/wp\/v2\/types\/page"}],"author":[{"embeddable":true,"href":"https:\/\/www.ossoff.senate.gov\/es\/wp-json\/wp\/v2\/users\/2"}],"replies":[{"embeddable":true,"href":"https:\/\/www.ossoff.senate.gov\/es\/wp-json\/wp\/v2\/comments?post=135"}],"version-history":[{"count":140,"href":"https:\/\/www.ossoff.senate.gov\/es\/wp-json\/wp\/v2\/pages\/135\/revisions"}],"predecessor-version":[{"id":28286,"href":"https:\/\/www.ossoff.senate.gov\/es\/wp-json\/wp\/v2\/pages\/135\/revisions\/28286"}],"wp:attachment":[{"href":"https:\/\/www.ossoff.senate.gov\/es\/wp-json\/wp\/v2\/media?parent=135"}],"curies":[{"name":"wp","href":"https:\/\/api.w.org\/{rel}","templated":true}]}}